{"id":109,"date":"2020-04-16T22:57:57","date_gmt":"2020-04-16T22:57:57","guid":{"rendered":"http:\/\/dulcementerd.com\/?page_id=109"},"modified":"2021-02-10T01:45:11","modified_gmt":"2021-02-10T00:45:11","slug":"nuestra-historia","status":"publish","type":"page","link":"https:\/\/www.dulcementerd.com\/?page_id=109","title":{"rendered":"Nuestra Historia"},"content":{"rendered":"\t\t<div data-elementor-type=\"wp-page\" data-elementor-id=\"109\" class=\"elementor elementor-109\" data-elementor-settings=\"[]\">\n\t\t\t\t\t\t<div class=\"elementor-inner\">\n\t\t\t\t\t\t\t<div class=\"elementor-section-wrap\">\n\t\t\t\t\t\t\t<section class=\"elementor-section elementor-top-section elementor-element elementor-element-8c4565b elementor-section-content-middle elementor-section-boxed elementor-section-height-default elementor-section-height-default\" data-id=\"8c4565b\" data-element_type=\"section\">\n\t\t\t\t\t\t<div class=\"elementor-container elementor-column-gap-no\">\n\t\t\t\t\t\t\t<div class=\"elementor-row\">\n\t\t\t\t\t<div class=\"elementor-column elementor-col-33 elementor-top-column elementor-element elementor-element-665a7485\" data-id=\"665a7485\" data-element_type=\"column\">\n\t\t\t<div class=\"elementor-column-wrap elementor-element-populated\">\n\t\t\t\t\t\t\t<div class=\"elementor-widget-wrap\">\n\t\t\t\t\t\t<div class=\"elementor-element elementor-element-56eb5351 elementor-widget elementor-widget-text-editor\" data-id=\"56eb5351\" data-element_type=\"widget\" data-widget_type=\"text-editor.default\">\n\t\t\t\t<div class=\"elementor-widget-container\">\n\t\t\t\t\t\t\t\t<div class=\"elementor-text-editor elementor-clearfix\">\n\t\t\t\t<p>Nuestra Historia<\/p>\t\t\t\t\t<\/div>\n\t\t\t\t\t\t<\/div>\n\t\t\t\t<\/div>\n\t\t\t\t<div class=\"elementor-element elementor-element-57e1c550 elementor-widget elementor-widget-heading\" data-id=\"57e1c550\" data-element_type=\"widget\" data-widget_type=\"heading.default\">\n\t\t\t\t<div class=\"elementor-widget-container\">\n\t\t\t<h3 class=\"elementor-heading-title elementor-size-default\">Dulcemente<\/h3>\t\t<\/div>\n\t\t\t\t<\/div>\n\t\t\t\t<div class=\"elementor-element elementor-element-331c3bf1 elementor-widget-divider--view-line elementor-widget elementor-widget-divider\" data-id=\"331c3bf1\" data-element_type=\"widget\" data-widget_type=\"divider.default\">\n\t\t\t\t<div class=\"elementor-widget-container\">\n\t\t\t\t\t<div class=\"elementor-divider\">\n\t\t\t<span class=\"elementor-divider-separator\">\n\t\t\t\t\t\t<\/span>\n\t\t<\/div>\n\t\t\t\t<\/div>\n\t\t\t\t<\/div>\n\t\t\t\t\t\t<\/div>\n\t\t\t\t\t<\/div>\n\t\t<\/div>\n\t\t\t\t<div class=\"elementor-column elementor-col-33 elementor-top-column elementor-element elementor-element-2789fba9\" data-id=\"2789fba9\" data-element_type=\"column\">\n\t\t\t<div class=\"elementor-column-wrap elementor-element-populated\">\n\t\t\t\t\t\t\t<div class=\"elementor-widget-wrap\">\n\t\t\t\t\t\t<div class=\"elementor-element elementor-element-489652f5 elementor-widget elementor-widget-image\" data-id=\"489652f5\" data-element_type=\"widget\" data-widget_type=\"image.default\">\n\t\t\t\t<div class=\"elementor-widget-container\">\n\t\t\t\t\t\t\t\t<div class=\"elementor-image\">\n\t\t\t\t\t\t\t\t\t\t\t\t<img width=\"2560\" height=\"1707\" src=\"https:\/\/www.dulcementerd.com\/wp-content\/uploads\/2020\/04\/untitled-scaled.jpg\" class=\"elementor-animation-grow attachment-full size-full\" alt=\"\" loading=\"lazy\" srcset=\"https:\/\/www.dulcementerd.com\/wp-content\/uploads\/2020\/04\/untitled-scaled.jpg 2560w, https:\/\/www.dulcementerd.com\/wp-content\/uploads\/2020\/04\/untitled-scaled-655x437.jpg 655w, https:\/\/www.dulcementerd.com\/wp-content\/uploads\/2020\/04\/untitled-300x200.jpg 300w, https:\/\/www.dulcementerd.com\/wp-content\/uploads\/2020\/04\/untitled-1024x683.jpg 1024w, https:\/\/www.dulcementerd.com\/wp-content\/uploads\/2020\/04\/untitled-768x512.jpg 768w, https:\/\/www.dulcementerd.com\/wp-content\/uploads\/2020\/04\/untitled-1536x1024.jpg 1536w, https:\/\/www.dulcementerd.com\/wp-content\/uploads\/2020\/04\/untitled-2048x1365.jpg 2048w\" sizes=\"(max-width: 2560px) 100vw, 2560px\" \/>\t\t\t\t\t\t\t\t\t\t\t\t\t\t<\/div>\n\t\t\t\t\t\t<\/div>\n\t\t\t\t<\/div>\n\t\t\t\t<div class=\"elementor-element elementor-element-281e7e16 elementor-widget elementor-widget-text-editor\" data-id=\"281e7e16\" data-element_type=\"widget\" data-widget_type=\"text-editor.default\">\n\t\t\t\t<div class=\"elementor-widget-container\">\n\t\t\t\t\t\t\t\t<div class=\"elementor-text-editor elementor-clearfix\">\n\t\t\t\t<p><span style=\"color: #000000;\"><span id=\"docs-internal-guid-c3f52e2c-7fff-5a6d-57df-ca0e117d5394\">Dulcemente<\/span><span id=\"docs-internal-guid-c3f52e2c-7fff-5a6d-57df-ca0e117d5394\"> surgi\u00f3 del amor a mi libertad e independencia, luego del nacimiento de mi segundo beb\u00e9 en Rep\u00fablica Dominicana, me di cuenta de lo mucho que disfrutaba organizar reuniones y celebrar cada acontecimiento de sus vidas, as\u00ed que opte por reinventarme y dejar a un lado mi profesi\u00f3n como Abogada para dedicarme a perfeccionar mis habilidades de \u00abRepostera Amateur\u00bb, pues si bien mi familia tuvo muchos a\u00f1os una Panader\u00eda- Pasteler\u00eda, en Venezuela (a la que yo iba a ayudar en la temporada de vacaciones de la Universidad), yo apenas si hab\u00eda vendido alg\u00fan postre en mi vida.<\/span><\/span><\/p><p><span style=\"color: #000000;\">Fue luego de la llegada de Jos\u00e9 \u00c1ngel que me lo tom\u00e9 en serio y comenc\u00e9 a explotar mi talento llevando a cabo numerosas reuniones\u00a0 fiestas y celebraciones\u00a0 made in \u201cmis manos\u201d y la respuesta de las personas fue inmediata, as\u00ed que me comenzaron a llenar de encargos, fue un no parar,\u00a0 al poco tiempo gracias a una buena amiga en com\u00fan, conoc\u00ed a una gran Repostera de gran trayectoria y calidez humana, mi querida Josefina Rivas, mejor conocida como \u00abDo\u00f1a Fifi\u00bb quien me abri\u00f3 las puertas de su hermosa Pasteler\u00eda \u00abFifi Postres Caseros\u00bb y me permiti\u00f3 dar a conocer mis habilidades modelando figuras 3D y decorando en fondant, esto me motiv\u00f3 posteriormente a estudiar Pasteler\u00eda en el Instituto Culinario Dominicano ICDChef y as\u00ed poder ampliar mis conocimientos.<\/span><\/p>\t\t\t\t\t<\/div>\n\t\t\t\t\t\t<\/div>\n\t\t\t\t<\/div>\n\t\t\t\t\t\t<\/div>\n\t\t\t\t\t<\/div>\n\t\t<\/div>\n\t\t\t\t<div class=\"elementor-column elementor-col-33 elementor-top-column elementor-element elementor-element-16c5d2f7\" data-id=\"16c5d2f7\" data-element_type=\"column\">\n\t\t\t<div class=\"elementor-column-wrap elementor-element-populated\">\n\t\t\t\t\t\t\t<div class=\"elementor-widget-wrap\">\n\t\t\t\t\t\t<div class=\"elementor-element elementor-element-7f72cbb elementor-widget elementor-widget-text-editor\" data-id=\"7f72cbb\" data-element_type=\"widget\" data-widget_type=\"text-editor.default\">\n\t\t\t\t<div class=\"elementor-widget-container\">\n\t\t\t\t\t\t\t\t<div class=\"elementor-text-editor elementor-clearfix\">\n\t\t\t\t<p id=\"docs-internal-guid-1384b205-7fff-d8be-94b9-7cff60d9ed01\" dir=\"ltr\"><span style=\"color: #000000;\">Fue as\u00ed como desde el 2015 le d\u00ed\u00a0 nombre y cara a mi dulce proyecto\u00a0 @Dulcementerd y desde entonces me he encargado del dise\u00f1o, elaboraci\u00f3n y venta de productos artesanales de reposter\u00eda creativa, he dictado talleres de reposter\u00eda a ni\u00f1os, j\u00f3venes y adultos, le doy vida los sue\u00f1os de grandes y peque\u00f1os con productos personalizados hechos a medida.<\/span><\/p><p><span style=\"color: #000000;\">Hoy contamos con un Obrador Artesano en Madrid, un espacio ideado para cumplir con los requerimientos de los clientes y estoy feliz de poder compartirlo con todos ustedes ahora por este nuevo canal de venta On Line.<\/span><\/p>\t\t\t\t\t<\/div>\n\t\t\t\t\t\t<\/div>\n\t\t\t\t<\/div>\n\t\t\t\t<div class=\"elementor-element elementor-element-524718d2 elementor-widget elementor-widget-image\" data-id=\"524718d2\" data-element_type=\"widget\" data-widget_type=\"image.default\">\n\t\t\t\t<div class=\"elementor-widget-container\">\n\t\t\t\t\t\t\t\t<div class=\"elementor-image\">\n\t\t\t\t\t\t\t\t\t\t\t\t<img width=\"2370\" height=\"2560\" src=\"https:\/\/www.dulcementerd.com\/wp-content\/uploads\/2020\/04\/IMG_1770-scaled.jpg\" class=\"elementor-animation-grow attachment-full size-full\" alt=\"\" loading=\"lazy\" srcset=\"https:\/\/www.dulcementerd.com\/wp-content\/uploads\/2020\/04\/IMG_1770-scaled.jpg 2370w, https:\/\/www.dulcementerd.com\/wp-content\/uploads\/2020\/04\/IMG_1770-scaled-655x708.jpg 655w, https:\/\/www.dulcementerd.com\/wp-content\/uploads\/2020\/04\/IMG_1770-278x300.jpg 278w, https:\/\/www.dulcementerd.com\/wp-content\/uploads\/2020\/04\/IMG_1770-948x1024.jpg 948w, https:\/\/www.dulcementerd.com\/wp-content\/uploads\/2020\/04\/IMG_1770-768x829.jpg 768w, https:\/\/www.dulcementerd.com\/wp-content\/uploads\/2020\/04\/IMG_1770-1422x1536.jpg 1422w, https:\/\/www.dulcementerd.com\/wp-content\/uploads\/2020\/04\/IMG_1770-1896x2048.jpg 1896w\" sizes=\"(max-width: 2370px) 100vw, 2370px\" \/>\t\t\t\t\t\t\t\t\t\t\t\t\t\t<\/div>\n\t\t\t\t\t\t<\/div>\n\t\t\t\t<\/div>\n\t\t\t\t\t\t<\/div>\n\t\t\t\t\t<\/div>\n\t\t<\/div>\n\t\t\t\t\t\t\t\t<\/div>\n\t\t\t\t\t<\/div>\n\t\t<\/section>\n\t\t\t\t\t\t<\/div>\n\t\t\t\t\t\t<\/div>\n\t\t\t\t\t<\/div>\n\t\t","protected":false},"excerpt":{"rendered":"<p>Nuestra Historia Dulcemente Dulcemente surgi\u00f3 del amor a mi libertad e independencia, luego del nacimiento de mi segundo beb\u00e9 en Rep\u00fablica Dominicana, me di cuenta de lo mucho que disfrutaba organizar reuniones y celebrar cada acontecimiento de sus vidas, as\u00ed que opte por reinventarme y dejar a un lado mi profesi\u00f3n como Abogada para dedicarme &hellip;<\/p>\n<p class=\"read-more\"> <a class=\"\" href=\"https:\/\/www.dulcementerd.com\/?page_id=109\"> <span class=\"screen-reader-text\">Nuestra Historia<\/span> Leer m\u00e1s &raquo;<\/a><\/p>\n","protected":false},"author":1,"featured_media":0,"parent":0,"menu_order":0,"comment_status":"closed","ping_status":"closed","template":"elementor_header_footer","meta":{"site-sidebar-layout":"no-sidebar","site-content-layout":"plain-container","ast-global-header-display":"","ast-main-header-display":"disabled","ast-hfb-above-header-display":"","ast-hfb-below-header-display":"","ast-hfb-mobile-header-display":"","site-post-title":"disabled","ast-breadcrumbs-content":"","ast-featured-img":"disabled","footer-sml-layout":"disabled","theme-transparent-header-meta":"disabled","adv-header-id-meta":"","stick-header-meta":"","header-above-stick-meta":"","header-main-stick-meta":"","header-below-stick-meta":""},"yoast_head":"<!-- This site is optimized with the Yoast SEO plugin v19.7.1 - https:\/\/yoast.com\/wordpress\/plugins\/seo\/ -->\n<title>Nuestra Historia | Dulcemente<\/title>\n<meta name=\"robots\" content=\"index, follow, max-snippet:-1, max-image-preview:large, max-video-preview:-1\" \/>\n<link rel=\"canonical\" href=\"https:\/\/www.dulcementerd.com\/?page_id=109\" \/>\n<meta property=\"og:locale\" content=\"es_ES\" \/>\n<meta property=\"og:type\" content=\"article\" \/>\n<meta property=\"og:title\" content=\"Nuestra Historia | Dulcemente\" \/>\n<meta property=\"og:description\" content=\"Nuestra Historia Dulcemente Dulcemente surgi\u00f3 del amor a mi libertad e independencia, luego del nacimiento de mi segundo beb\u00e9 en Rep\u00fablica Dominicana, me di cuenta de lo mucho que disfrutaba organizar reuniones y celebrar cada acontecimiento de sus vidas, as\u00ed que opte por reinventarme y dejar a un lado mi profesi\u00f3n como Abogada para dedicarme &hellip; Nuestra Historia Leer m\u00e1s &raquo;\" \/>\n<meta property=\"og:url\" content=\"https:\/\/www.dulcementerd.com\/?page_id=109\" \/>\n<meta property=\"og:site_name\" content=\"Dulcemente\" \/>\n<meta property=\"article:publisher\" content=\"https:\/\/www.facebook.com\/dulcementerd\/\" \/>\n<meta property=\"article:modified_time\" content=\"2021-02-10T00:45:11+00:00\" \/>\n<meta property=\"og:image\" content=\"https:\/\/dulcementerd.com\/wp-content\/uploads\/2020\/04\/untitled-scaled.jpg\" \/>\n<meta name=\"twitter:card\" content=\"summary_large_image\" \/>\n<meta name=\"twitter:label1\" content=\"Tiempo de lectura\" \/>\n\t<meta name=\"twitter:data1\" content=\"2 minutos\" \/>\n<script type=\"application\/ld+json\" class=\"yoast-schema-graph\">{\"@context\":\"https:\/\/schema.org\",\"@graph\":[{\"@type\":\"WebPage\",\"@id\":\"https:\/\/www.dulcementerd.com\/?page_id=109\",\"url\":\"https:\/\/www.dulcementerd.com\/?page_id=109\",\"name\":\"Nuestra Historia | Dulcemente\",\"isPartOf\":{\"@id\":\"https:\/\/www.dulcementerd.com\/#website\"},\"datePublished\":\"2020-04-16T22:57:57+00:00\",\"dateModified\":\"2021-02-10T00:45:11+00:00\",\"breadcrumb\":{\"@id\":\"https:\/\/www.dulcementerd.com\/?page_id=109#breadcrumb\"},\"inLanguage\":\"es\",\"potentialAction\":[{\"@type\":\"ReadAction\",\"target\":[\"https:\/\/www.dulcementerd.com\/?page_id=109\"]}]},{\"@type\":\"BreadcrumbList\",\"@id\":\"https:\/\/www.dulcementerd.com\/?page_id=109#breadcrumb\",\"itemListElement\":[{\"@type\":\"ListItem\",\"position\":1,\"name\":\"Portada\",\"item\":\"https:\/\/www.dulcementerd.com\/\"},{\"@type\":\"ListItem\",\"position\":2,\"name\":\"Nuestra Historia\"}]},{\"@type\":\"WebSite\",\"@id\":\"https:\/\/www.dulcementerd.com\/#website\",\"url\":\"https:\/\/www.dulcementerd.com\/\",\"name\":\"Dulcemente\",\"description\":\"Reposter\u00cda de Dise\u00f1o\",\"publisher\":{\"@id\":\"https:\/\/www.dulcementerd.com\/#organization\"},\"potentialAction\":[{\"@type\":\"SearchAction\",\"target\":{\"@type\":\"EntryPoint\",\"urlTemplate\":\"https:\/\/www.dulcementerd.com\/?s={search_term_string}\"},\"query-input\":\"required name=search_term_string\"}],\"inLanguage\":\"es\"},{\"@type\":\"Organization\",\"@id\":\"https:\/\/www.dulcementerd.com\/#organization\",\"name\":\"Dulcemente Reposteria de Dise\u00f1o\",\"url\":\"https:\/\/www.dulcementerd.com\/\",\"sameAs\":[\"https:\/\/www.instagram.com\/dulcementerd\/\",\"https:\/\/www.youtube.com\/c\/HorneaDulcementerd\",\"https:\/\/www.facebook.com\/dulcementerd\/\"],\"logo\":{\"@type\":\"ImageObject\",\"inLanguage\":\"es\",\"@id\":\"https:\/\/www.dulcementerd.com\/#\/schema\/logo\/image\/\",\"url\":\"https:\/\/dulcementerd.com\/wp-content\/uploads\/2020\/03\/cropped-logo-01.png\",\"contentUrl\":\"https:\/\/dulcementerd.com\/wp-content\/uploads\/2020\/03\/cropped-logo-01.png\",\"width\":240,\"height\":240,\"caption\":\"Dulcemente Reposteria de Dise\u00f1o\"},\"image\":{\"@id\":\"https:\/\/www.dulcementerd.com\/#\/schema\/logo\/image\/\"}}]}<\/script>\n<!-- \/ Yoast SEO plugin. -->","yoast_head_json":{"title":"Nuestra Historia | Dulcemente","robots":{"index":"index","follow":"follow","max-snippet":"max-snippet:-1","max-image-preview":"max-image-preview:large","max-video-preview":"max-video-preview:-1"},"canonical":"https:\/\/www.dulcementerd.com\/?page_id=109","og_locale":"es_ES","og_type":"article","og_title":"Nuestra Historia | Dulcemente","og_description":"Nuestra Historia Dulcemente Dulcemente surgi\u00f3 del amor a mi libertad e independencia, luego del nacimiento de mi segundo beb\u00e9 en Rep\u00fablica Dominicana, me di cuenta de lo mucho que disfrutaba organizar reuniones y celebrar cada acontecimiento de sus vidas, as\u00ed que opte por reinventarme y dejar a un lado mi profesi\u00f3n como Abogada para dedicarme &hellip; Nuestra Historia Leer m\u00e1s &raquo;","og_url":"https:\/\/www.dulcementerd.com\/?page_id=109","og_site_name":"Dulcemente","article_publisher":"https:\/\/www.facebook.com\/dulcementerd\/","article_modified_time":"2021-02-10T00:45:11+00:00","og_image":[{"url":"https:\/\/dulcementerd.com\/wp-content\/uploads\/2020\/04\/untitled-scaled.jpg"}],"twitter_card":"summary_large_image","twitter_misc":{"Tiempo de lectura":"2 minutos"},"schema":{"@context":"https:\/\/schema.org","@graph":[{"@type":"WebPage","@id":"https:\/\/www.dulcementerd.com\/?page_id=109","url":"https:\/\/www.dulcementerd.com\/?page_id=109","name":"Nuestra Historia | Dulcemente","isPartOf":{"@id":"https:\/\/www.dulcementerd.com\/#website"},"datePublished":"2020-04-16T22:57:57+00:00","dateModified":"2021-02-10T00:45:11+00:00","breadcrumb":{"@id":"https:\/\/www.dulcementerd.com\/?page_id=109#breadcrumb"},"inLanguage":"es","potentialAction":[{"@type":"ReadAction","target":["https:\/\/www.dulcementerd.com\/?page_id=109"]}]},{"@type":"BreadcrumbList","@id":"https:\/\/www.dulcementerd.com\/?page_id=109#breadcrumb","itemListElement":[{"@type":"ListItem","position":1,"name":"Portada","item":"https:\/\/www.dulcementerd.com\/"},{"@type":"ListItem","position":2,"name":"Nuestra Historia"}]},{"@type":"WebSite","@id":"https:\/\/www.dulcementerd.com\/#website","url":"https:\/\/www.dulcementerd.com\/","name":"Dulcemente","description":"Reposter\u00cda de Dise\u00f1o","publisher":{"@id":"https:\/\/www.dulcementerd.com\/#organization"},"potentialAction":[{"@type":"SearchAction","target":{"@type":"EntryPoint","urlTemplate":"https:\/\/www.dulcementerd.com\/?s={search_term_string}"},"query-input":"required name=search_term_string"}],"inLanguage":"es"},{"@type":"Organization","@id":"https:\/\/www.dulcementerd.com\/#organization","name":"Dulcemente Reposteria de Dise\u00f1o","url":"https:\/\/www.dulcementerd.com\/","sameAs":["https:\/\/www.instagram.com\/dulcementerd\/","https:\/\/www.youtube.com\/c\/HorneaDulcementerd","https:\/\/www.facebook.com\/dulcementerd\/"],"logo":{"@type":"ImageObject","inLanguage":"es","@id":"https:\/\/www.dulcementerd.com\/#\/schema\/logo\/image\/","url":"https:\/\/dulcementerd.com\/wp-content\/uploads\/2020\/03\/cropped-logo-01.png","contentUrl":"https:\/\/dulcementerd.com\/wp-content\/uploads\/2020\/03\/cropped-logo-01.png","width":240,"height":240,"caption":"Dulcemente Reposteria de Dise\u00f1o"},"image":{"@id":"https:\/\/www.dulcementerd.com\/#\/schema\/logo\/image\/"}}]}},"featured_image_src":null,"featured_image_src_square":null,"_links":{"self":[{"href":"https:\/\/www.dulcementerd.com\/index.php?rest_route=\/wp\/v2\/pages\/109"}],"collection":[{"href":"https:\/\/www.dulcementerd.com\/index.php?rest_route=\/wp\/v2\/pages"}],"about":[{"href":"https:\/\/www.dulcementerd.com\/index.php?rest_route=\/wp\/v2\/types\/page"}],"author":[{"embeddable":true,"href":"https:\/\/www.dulcementerd.com\/index.php?rest_route=\/wp\/v2\/users\/1"}],"replies":[{"embeddable":true,"href":"https:\/\/www.dulcementerd.com\/index.php?rest_route=%2Fwp%2Fv2%2Fcomments&post=109"}],"version-history":[{"count":23,"href":"https:\/\/www.dulcementerd.com\/index.php?rest_route=\/wp\/v2\/pages\/109\/revisions"}],"predecessor-version":[{"id":1675,"href":"https:\/\/www.dulcementerd.com\/index.php?rest_route=\/wp\/v2\/pages\/109\/revisions\/1675"}],"wp:attachment":[{"href":"https:\/\/www.dulcementerd.com\/index.php?rest_route=%2Fwp%2Fv2%2Fmedia&parent=109"}],"curies":[{"name":"wp","href":"https:\/\/api.w.org\/{rel}","templated":true}]}}