{"id":118,"date":"2020-04-16T23:04:03","date_gmt":"2020-04-16T23:04:03","guid":{"rendered":"http:\/\/dulcementerd.com\/?page_id=118"},"modified":"2021-01-31T16:13:15","modified_gmt":"2021-01-31T15:13:15","slug":"contactanos","status":"publish","type":"page","link":"https:\/\/www.dulcementerd.com\/?page_id=118","title":{"rendered":"Contactanos"},"content":{"rendered":"\t\t<div data-elementor-type=\"wp-page\" data-elementor-id=\"118\" class=\"elementor elementor-118\" data-elementor-settings=\"[]\">\n\t\t\t\t\t\t<div class=\"elementor-inner\">\n\t\t\t\t\t\t\t<div class=\"elementor-section-wrap\">\n\t\t\t\t\t\t\t<section class=\"elementor-section elementor-top-section elementor-element elementor-element-44180c30 elementor-section-content-middle elementor-reverse-mobile elementor-section-boxed elementor-section-height-default elementor-section-height-default\" data-id=\"44180c30\" data-element_type=\"section\">\n\t\t\t\t\t\t<div class=\"elementor-container elementor-column-gap-no\">\n\t\t\t\t\t\t\t<div class=\"elementor-row\">\n\t\t\t\t\t<div class=\"elementor-column elementor-col-50 elementor-top-column elementor-element elementor-element-5434b553\" data-id=\"5434b553\" data-element_type=\"column\">\n\t\t\t<div class=\"elementor-column-wrap elementor-element-populated\">\n\t\t\t\t\t\t\t<div class=\"elementor-widget-wrap\">\n\t\t\t\t\t\t<div class=\"elementor-element elementor-element-6e878c4b elementor-widget elementor-widget-google_maps\" data-id=\"6e878c4b\" data-element_type=\"widget\" data-widget_type=\"google_maps.default\">\n\t\t\t\t<div class=\"elementor-widget-container\">\n\t\t\t\t\t<div class=\"elementor-custom-embed\">\n\t\t\t<iframe frameborder=\"0\" scrolling=\"no\" marginheight=\"0\" marginwidth=\"0\"\n\t\t\t\t\tsrc=\"https:\/\/maps.google.com\/maps?q=Dulcemente&#038;t=m&#038;z=16&#038;output=embed&#038;iwloc=near\"\n\t\t\t\t\ttitle=\"Dulcemente\"\n\t\t\t\t\taria-label=\"Dulcemente\"\n\t\t\t><\/iframe>\n\t\t<\/div>\n\t\t\t\t<\/div>\n\t\t\t\t<\/div>\n\t\t\t\t\t\t<\/div>\n\t\t\t\t\t<\/div>\n\t\t<\/div>\n\t\t\t\t<div class=\"elementor-column elementor-col-50 elementor-top-column elementor-element elementor-element-49a22204\" data-id=\"49a22204\" data-element_type=\"column\">\n\t\t\t<div class=\"elementor-column-wrap elementor-element-populated\">\n\t\t\t\t\t\t\t<div class=\"elementor-widget-wrap\">\n\t\t\t\t\t\t<div class=\"elementor-element elementor-element-6f602a58 elementor-widget elementor-widget-heading\" data-id=\"6f602a58\" data-element_type=\"widget\" data-widget_type=\"heading.default\">\n\t\t\t\t<div class=\"elementor-widget-container\">\n\t\t\t<h4 class=\"elementor-heading-title elementor-size-default\">Cont\u00e1ctanos<\/h4>\t\t<\/div>\n\t\t\t\t<\/div>\n\t\t\t\t<section class=\"elementor-section elementor-inner-section elementor-element elementor-element-73f78772 elementor-section-boxed elementor-section-height-default elementor-section-height-default\" data-id=\"73f78772\" data-element_type=\"section\">\n\t\t\t\t\t\t<div class=\"elementor-container elementor-column-gap-default\">\n\t\t\t\t\t\t\t<div class=\"elementor-row\">\n\t\t\t\t\t<div class=\"elementor-column elementor-col-50 elementor-inner-column elementor-element elementor-element-404e1455\" data-id=\"404e1455\" data-element_type=\"column\">\n\t\t\t<div class=\"elementor-column-wrap elementor-element-populated\">\n\t\t\t\t\t\t\t<div class=\"elementor-widget-wrap\">\n\t\t\t\t\t\t<div class=\"elementor-element elementor-element-2ed0aba4 elementor-widget elementor-widget-heading\" data-id=\"2ed0aba4\" data-element_type=\"widget\" data-widget_type=\"heading.default\">\n\t\t\t\t<div class=\"elementor-widget-container\">\n\t\t\t<div class=\"elementor-heading-title elementor-size-default\">Ubicacion<\/div>\t\t<\/div>\n\t\t\t\t<\/div>\n\t\t\t\t<div class=\"elementor-element elementor-element-524fca65 elementor-widget elementor-widget-text-editor\" data-id=\"524fca65\" data-element_type=\"widget\" data-widget_type=\"text-editor.default\">\n\t\t\t\t<div class=\"elementor-widget-container\">\n\t\t\t\t\t\t\t\t<div class=\"elementor-text-editor elementor-clearfix\">\n\t\t\t\t<p>Calle O\u00f1a 67, Virgen del Cortijo CP28050, Madrid, Espa\u00f1a<\/p>\t\t\t\t\t<\/div>\n\t\t\t\t\t\t<\/div>\n\t\t\t\t<\/div>\n\t\t\t\t\t\t<\/div>\n\t\t\t\t\t<\/div>\n\t\t<\/div>\n\t\t\t\t<div class=\"elementor-column elementor-col-50 elementor-inner-column elementor-element elementor-element-68d5acc6\" data-id=\"68d5acc6\" data-element_type=\"column\">\n\t\t\t<div class=\"elementor-column-wrap elementor-element-populated\">\n\t\t\t\t\t\t\t<div class=\"elementor-widget-wrap\">\n\t\t\t\t\t\t<div class=\"elementor-element elementor-element-746706e3 elementor-widget elementor-widget-heading\" data-id=\"746706e3\" data-element_type=\"widget\" data-widget_type=\"heading.default\">\n\t\t\t\t<div class=\"elementor-widget-container\">\n\t\t\t<div class=\"elementor-heading-title elementor-size-default\">Contactos<\/div>\t\t<\/div>\n\t\t\t\t<\/div>\n\t\t\t\t<div class=\"elementor-element elementor-element-21d17457 elementor-widget elementor-widget-text-editor\" data-id=\"21d17457\" data-element_type=\"widget\" data-widget_type=\"text-editor.default\">\n\t\t\t\t<div class=\"elementor-widget-container\">\n\t\t\t\t\t\t\t\t<div class=\"elementor-text-editor elementor-clearfix\">\n\t\t\t\t<p>M\u00f3vil : + 34\u00a0 689 662 083<\/p>\t\t\t\t\t<\/div>\n\t\t\t\t\t\t<\/div>\n\t\t\t\t<\/div>\n\t\t\t\t<div class=\"elementor-element elementor-element-1ab739e7 elementor-widget elementor-widget-text-editor\" data-id=\"1ab739e7\" data-element_type=\"widget\" data-widget_type=\"text-editor.default\">\n\t\t\t\t<div class=\"elementor-widget-container\">\n\t\t\t\t\t\t\t\t<div class=\"elementor-text-editor elementor-clearfix\">\n\t\t\t\t<p>Email : dulcementerd@gmail.com<\/p>\t\t\t\t\t<\/div>\n\t\t\t\t\t\t<\/div>\n\t\t\t\t<\/div>\n\t\t\t\t\t\t<\/div>\n\t\t\t\t\t<\/div>\n\t\t<\/div>\n\t\t\t\t\t\t\t\t<\/div>\n\t\t\t\t\t<\/div>\n\t\t<\/section>\n\t\t\t\t<section class=\"elementor-section elementor-inner-section elementor-element elementor-element-26c80225 elementor-section-boxed elementor-section-height-default elementor-section-height-default\" data-id=\"26c80225\" data-element_type=\"section\">\n\t\t\t\t\t\t<div class=\"elementor-container elementor-column-gap-default\">\n\t\t\t\t\t\t\t<div class=\"elementor-row\">\n\t\t\t\t\t<div class=\"elementor-column elementor-col-50 elementor-inner-column elementor-element elementor-element-15eb3770\" data-id=\"15eb3770\" data-element_type=\"column\">\n\t\t\t<div class=\"elementor-column-wrap elementor-element-populated\">\n\t\t\t\t\t\t\t<div class=\"elementor-widget-wrap\">\n\t\t\t\t\t\t<div class=\"elementor-element elementor-element-175beb2 elementor-widget elementor-widget-heading\" data-id=\"175beb2\" data-element_type=\"widget\" data-widget_type=\"heading.default\">\n\t\t\t\t<div class=\"elementor-widget-container\">\n\t\t\t<div class=\"elementor-heading-title elementor-size-default\">Horarios<\/div>\t\t<\/div>\n\t\t\t\t<\/div>\n\t\t\t\t<div class=\"elementor-element elementor-element-2517ab98 elementor-widget elementor-widget-text-editor\" data-id=\"2517ab98\" data-element_type=\"widget\" data-widget_type=\"text-editor.default\">\n\t\t\t\t<div class=\"elementor-widget-container\">\n\t\t\t\t\t\t\t\t<div class=\"elementor-text-editor elementor-clearfix\">\n\t\t\t\t<p>LUN-VIE 10:30 &#8211; 20:00<\/p>\t\t\t\t\t<\/div>\n\t\t\t\t\t\t<\/div>\n\t\t\t\t<\/div>\n\t\t\t\t<div class=\"elementor-element elementor-element-62fd5adc elementor-widget elementor-widget-text-editor\" data-id=\"62fd5adc\" data-element_type=\"widget\" data-widget_type=\"text-editor.default\">\n\t\t\t\t<div class=\"elementor-widget-container\">\n\t\t\t\t\t\t\t\t<div class=\"elementor-text-editor elementor-clearfix\">\n\t\t\t\t<p>SAB 10:30 &#8211; 14:00<\/p>\t\t\t\t\t<\/div>\n\t\t\t\t\t\t<\/div>\n\t\t\t\t<\/div>\n\t\t\t\t\t\t<\/div>\n\t\t\t\t\t<\/div>\n\t\t<\/div>\n\t\t\t\t<div class=\"elementor-column elementor-col-50 elementor-inner-column elementor-element elementor-element-857c97d\" data-id=\"857c97d\" data-element_type=\"column\">\n\t\t\t<div class=\"elementor-column-wrap elementor-element-populated\">\n\t\t\t\t\t\t\t<div class=\"elementor-widget-wrap\">\n\t\t\t\t\t\t<div class=\"elementor-element elementor-element-1c924d2f elementor-widget elementor-widget-heading\" data-id=\"1c924d2f\" data-element_type=\"widget\" data-widget_type=\"heading.default\">\n\t\t\t\t<div class=\"elementor-widget-container\">\n\t\t\t<div class=\"elementor-heading-title elementor-size-default\">Siguenos en:<\/div>\t\t<\/div>\n\t\t\t\t<\/div>\n\t\t\t\t<div class=\"elementor-element elementor-element-4c488314 elementor-shape-square elementor-grid-0 e-grid-align-center elementor-widget elementor-widget-social-icons\" data-id=\"4c488314\" data-element_type=\"widget\" data-widget_type=\"social-icons.default\">\n\t\t\t\t<div class=\"elementor-widget-container\">\n\t\t\t\t\t<div class=\"elementor-social-icons-wrapper elementor-grid\">\n\t\t\t\t\t\t\t<span class=\"elementor-grid-item\">\n\t\t\t\t\t<a class=\"elementor-icon elementor-social-icon elementor-social-icon-instagram elementor-animation-grow elementor-repeater-item-7e6685a\" href=\"https:\/\/www.instagram.com\/dulcementerd\/\" target=\"_blank\">\n\t\t\t\t\t\t<span class=\"elementor-screen-only\">Instagram<\/span>\n\t\t\t\t\t\t<i class=\"fab fa-instagram\"><\/i>\t\t\t\t\t<\/a>\n\t\t\t\t<\/span>\n\t\t\t\t\t\t\t<span class=\"elementor-grid-item\">\n\t\t\t\t\t<a class=\"elementor-icon elementor-social-icon elementor-social-icon-facebook-f elementor-animation-grow elementor-repeater-item-2d0da0c\" href=\"https:\/\/www.facebook.com\/dulcementerd\/\" target=\"_blank\">\n\t\t\t\t\t\t<span class=\"elementor-screen-only\">Facebook-f<\/span>\n\t\t\t\t\t\t<i class=\"fab fa-facebook-f\"><\/i>\t\t\t\t\t<\/a>\n\t\t\t\t<\/span>\n\t\t\t\t\t\t\t<span class=\"elementor-grid-item\">\n\t\t\t\t\t<a class=\"elementor-icon elementor-social-icon elementor-social-icon-youtube elementor-animation-grow elementor-repeater-item-d138417\" href=\"https:\/\/www.youtube.com\/c\/HorneaDulcementerd\" target=\"_blank\">\n\t\t\t\t\t\t<span class=\"elementor-screen-only\">Youtube<\/span>\n\t\t\t\t\t\t<i class=\"fab fa-youtube\"><\/i>\t\t\t\t\t<\/a>\n\t\t\t\t<\/span>\n\t\t\t\t\t<\/div>\n\t\t\t\t<\/div>\n\t\t\t\t<\/div>\n\t\t\t\t\t\t<\/div>\n\t\t\t\t\t<\/div>\n\t\t<\/div>\n\t\t\t\t\t\t\t\t<\/div>\n\t\t\t\t\t<\/div>\n\t\t<\/section>\n\t\t\t\t\t\t<\/div>\n\t\t\t\t\t<\/div>\n\t\t<\/div>\n\t\t\t\t\t\t\t\t<\/div>\n\t\t\t\t\t<\/div>\n\t\t<\/section>\n\t\t\t\t\t\t<\/div>\n\t\t\t\t\t\t<\/div>\n\t\t\t\t\t<\/div>\n\t\t","protected":false},"excerpt":{"rendered":"<p>Cont\u00e1ctanos Ubicacion Calle O\u00f1a 67, Virgen del Cortijo CP28050, Madrid, Espa\u00f1a Contactos M\u00f3vil : + 34\u00a0 689 662 083 Email : dulcementerd@gmail.com Horarios LUN-VIE 10:30 &#8211; 20:00 SAB 10:30 &#8211; 14:00 Siguenos en: Instagram Facebook-f Youtube<\/p>\n","protected":false},"author":1,"featured_media":0,"parent":0,"menu_order":0,"comment_status":"closed","ping_status":"closed","template":"elementor_header_footer","meta":{"site-sidebar-layout":"no-sidebar","site-content-layout":"page-builder","ast-global-header-display":"","ast-main-header-display":"","ast-hfb-above-header-display":"","ast-hfb-below-header-display":"","ast-hfb-mobile-header-display":"","site-post-title":"disabled","ast-breadcrumbs-content":"","ast-featured-img":"disabled","footer-sml-layout":"","theme-transparent-header-meta":"default","adv-header-id-meta":"","stick-header-meta":"","header-above-stick-meta":"","header-main-stick-meta":"","header-below-stick-meta":""},"yoast_head":"<!-- This site is optimized with the Yoast SEO plugin v19.7.1 - https:\/\/yoast.com\/wordpress\/plugins\/seo\/ -->\n<title>Contactanos | Dulcemente<\/title>\n<meta name=\"robots\" content=\"index, follow, max-snippet:-1, max-image-preview:large, max-video-preview:-1\" \/>\n<link rel=\"canonical\" href=\"https:\/\/www.dulcementerd.com\/?page_id=118\" \/>\n<meta property=\"og:locale\" content=\"es_ES\" \/>\n<meta property=\"og:type\" content=\"article\" \/>\n<meta property=\"og:title\" content=\"Contactanos | Dulcemente\" \/>\n<meta property=\"og:description\" content=\"Cont\u00e1ctanos Ubicacion Calle O\u00f1a 67, Virgen del Cortijo CP28050, Madrid, Espa\u00f1a Contactos M\u00f3vil : + 34\u00a0 689 662 083 Email : dulcementerd@gmail.com Horarios LUN-VIE 10:30 &#8211; 20:00 SAB 10:30 &#8211; 14:00 Siguenos en: Instagram Facebook-f Youtube\" \/>\n<meta property=\"og:url\" content=\"https:\/\/www.dulcementerd.com\/?page_id=118\" \/>\n<meta property=\"og:site_name\" content=\"Dulcemente\" \/>\n<meta property=\"article:publisher\" content=\"https:\/\/www.facebook.com\/dulcementerd\/\" \/>\n<meta property=\"article:modified_time\" content=\"2021-01-31T15:13:15+00:00\" \/>\n<meta name=\"twitter:card\" content=\"summary_large_image\" \/>\n<script type=\"application\/ld+json\" class=\"yoast-schema-graph\">{\"@context\":\"https:\/\/schema.org\",\"@graph\":[{\"@type\":\"WebPage\",\"@id\":\"https:\/\/www.dulcementerd.com\/?page_id=118\",\"url\":\"https:\/\/www.dulcementerd.com\/?page_id=118\",\"name\":\"Contactanos | Dulcemente\",\"isPartOf\":{\"@id\":\"https:\/\/www.dulcementerd.com\/#website\"},\"datePublished\":\"2020-04-16T23:04:03+00:00\",\"dateModified\":\"2021-01-31T15:13:15+00:00\",\"breadcrumb\":{\"@id\":\"https:\/\/www.dulcementerd.com\/?page_id=118#breadcrumb\"},\"inLanguage\":\"es\",\"potentialAction\":[{\"@type\":\"ReadAction\",\"target\":[\"https:\/\/www.dulcementerd.com\/?page_id=118\"]}]},{\"@type\":\"BreadcrumbList\",\"@id\":\"https:\/\/www.dulcementerd.com\/?page_id=118#breadcrumb\",\"itemListElement\":[{\"@type\":\"ListItem\",\"position\":1,\"name\":\"Portada\",\"item\":\"https:\/\/www.dulcementerd.com\/\"},{\"@type\":\"ListItem\",\"position\":2,\"name\":\"Contactanos\"}]},{\"@type\":\"WebSite\",\"@id\":\"https:\/\/www.dulcementerd.com\/#website\",\"url\":\"https:\/\/www.dulcementerd.com\/\",\"name\":\"Dulcemente\",\"description\":\"Reposter\u00cda de Dise\u00f1o\",\"publisher\":{\"@id\":\"https:\/\/www.dulcementerd.com\/#organization\"},\"potentialAction\":[{\"@type\":\"SearchAction\",\"target\":{\"@type\":\"EntryPoint\",\"urlTemplate\":\"https:\/\/www.dulcementerd.com\/?s={search_term_string}\"},\"query-input\":\"required name=search_term_string\"}],\"inLanguage\":\"es\"},{\"@type\":\"Organization\",\"@id\":\"https:\/\/www.dulcementerd.com\/#organization\",\"name\":\"Dulcemente Reposteria de Dise\u00f1o\",\"url\":\"https:\/\/www.dulcementerd.com\/\",\"sameAs\":[\"https:\/\/www.instagram.com\/dulcementerd\/\",\"https:\/\/www.youtube.com\/c\/HorneaDulcementerd\",\"https:\/\/www.facebook.com\/dulcementerd\/\"],\"logo\":{\"@type\":\"ImageObject\",\"inLanguage\":\"es\",\"@id\":\"https:\/\/www.dulcementerd.com\/#\/schema\/logo\/image\/\",\"url\":\"https:\/\/dulcementerd.com\/wp-content\/uploads\/2020\/03\/cropped-logo-01.png\",\"contentUrl\":\"https:\/\/dulcementerd.com\/wp-content\/uploads\/2020\/03\/cropped-logo-01.png\",\"width\":240,\"height\":240,\"caption\":\"Dulcemente Reposteria de Dise\u00f1o\"},\"image\":{\"@id\":\"https:\/\/www.dulcementerd.com\/#\/schema\/logo\/image\/\"}}]}<\/script>\n<!-- \/ Yoast SEO plugin. -->","yoast_head_json":{"title":"Contactanos | Dulcemente","robots":{"index":"index","follow":"follow","max-snippet":"max-snippet:-1","max-image-preview":"max-image-preview:large","max-video-preview":"max-video-preview:-1"},"canonical":"https:\/\/www.dulcementerd.com\/?page_id=118","og_locale":"es_ES","og_type":"article","og_title":"Contactanos | Dulcemente","og_description":"Cont\u00e1ctanos Ubicacion Calle O\u00f1a 67, Virgen del Cortijo CP28050, Madrid, Espa\u00f1a Contactos M\u00f3vil : + 34\u00a0 689 662 083 Email : dulcementerd@gmail.com Horarios LUN-VIE 10:30 &#8211; 20:00 SAB 10:30 &#8211; 14:00 Siguenos en: Instagram Facebook-f Youtube","og_url":"https:\/\/www.dulcementerd.com\/?page_id=118","og_site_name":"Dulcemente","article_publisher":"https:\/\/www.facebook.com\/dulcementerd\/","article_modified_time":"2021-01-31T15:13:15+00:00","twitter_card":"summary_large_image","schema":{"@context":"https:\/\/schema.org","@graph":[{"@type":"WebPage","@id":"https:\/\/www.dulcementerd.com\/?page_id=118","url":"https:\/\/www.dulcementerd.com\/?page_id=118","name":"Contactanos | Dulcemente","isPartOf":{"@id":"https:\/\/www.dulcementerd.com\/#website"},"datePublished":"2020-04-16T23:04:03+00:00","dateModified":"2021-01-31T15:13:15+00:00","breadcrumb":{"@id":"https:\/\/www.dulcementerd.com\/?page_id=118#breadcrumb"},"inLanguage":"es","potentialAction":[{"@type":"ReadAction","target":["https:\/\/www.dulcementerd.com\/?page_id=118"]}]},{"@type":"BreadcrumbList","@id":"https:\/\/www.dulcementerd.com\/?page_id=118#breadcrumb","itemListElement":[{"@type":"ListItem","position":1,"name":"Portada","item":"https:\/\/www.dulcementerd.com\/"},{"@type":"ListItem","position":2,"name":"Contactanos"}]},{"@type":"WebSite","@id":"https:\/\/www.dulcementerd.com\/#website","url":"https:\/\/www.dulcementerd.com\/","name":"Dulcemente","description":"Reposter\u00cda de Dise\u00f1o","publisher":{"@id":"https:\/\/www.dulcementerd.com\/#organization"},"potentialAction":[{"@type":"SearchAction","target":{"@type":"EntryPoint","urlTemplate":"https:\/\/www.dulcementerd.com\/?s={search_term_string}"},"query-input":"required name=search_term_string"}],"inLanguage":"es"},{"@type":"Organization","@id":"https:\/\/www.dulcementerd.com\/#organization","name":"Dulcemente Reposteria de Dise\u00f1o","url":"https:\/\/www.dulcementerd.com\/","sameAs":["https:\/\/www.instagram.com\/dulcementerd\/","https:\/\/www.youtube.com\/c\/HorneaDulcementerd","https:\/\/www.facebook.com\/dulcementerd\/"],"logo":{"@type":"ImageObject","inLanguage":"es","@id":"https:\/\/www.dulcementerd.com\/#\/schema\/logo\/image\/","url":"https:\/\/dulcementerd.com\/wp-content\/uploads\/2020\/03\/cropped-logo-01.png","contentUrl":"https:\/\/dulcementerd.com\/wp-content\/uploads\/2020\/03\/cropped-logo-01.png","width":240,"height":240,"caption":"Dulcemente Reposteria de Dise\u00f1o"},"image":{"@id":"https:\/\/www.dulcementerd.com\/#\/schema\/logo\/image\/"}}]}},"featured_image_src":null,"featured_image_src_square":null,"_links":{"self":[{"href":"https:\/\/www.dulcementerd.com\/index.php?rest_route=\/wp\/v2\/pages\/118"}],"collection":[{"href":"https:\/\/www.dulcementerd.com\/index.php?rest_route=\/wp\/v2\/pages"}],"about":[{"href":"https:\/\/www.dulcementerd.com\/index.php?rest_route=\/wp\/v2\/types\/page"}],"author":[{"embeddable":true,"href":"https:\/\/www.dulcementerd.com\/index.php?rest_route=\/wp\/v2\/users\/1"}],"replies":[{"embeddable":true,"href":"https:\/\/www.dulcementerd.com\/index.php?rest_route=%2Fwp%2Fv2%2Fcomments&post=118"}],"version-history":[{"count":13,"href":"https:\/\/www.dulcementerd.com\/index.php?rest_route=\/wp\/v2\/pages\/118\/revisions"}],"predecessor-version":[{"id":1361,"href":"https:\/\/www.dulcementerd.com\/index.php?rest_route=\/wp\/v2\/pages\/118\/revisions\/1361"}],"wp:attachment":[{"href":"https:\/\/www.dulcementerd.com\/index.php?rest_route=%2Fwp%2Fv2%2Fmedia&parent=118"}],"curies":[{"name":"wp","href":"https:\/\/api.w.org\/{rel}","templated":true}]}}