{"id":1258,"date":"2021-01-31T00:03:34","date_gmt":"2021-01-30T23:03:34","guid":{"rendered":"https:\/\/dulcementerd.com\/?post_type=product&#038;p=1258"},"modified":"2025-02-17T14:12:53","modified_gmt":"2025-02-17T13:12:53","slug":"tarta-little-star","status":"publish","type":"product","link":"https:\/\/www.dulcementerd.com\/?product=tarta-little-star","title":{"rendered":"Tarta Little Star"},"content":{"rendered":"<p><b>Ingredientes<\/b>:<\/p>\n<p>Tarta de Bananas naturales, panela, huevos, aceite de girasol, harina de trigo, polvo para hornear, canela.<\/p>\n<p>Relleno Crema de Queso: Queso crema, stevia y vainilla.<\/p>\n","protected":false},"excerpt":{"rendered":"<p>Banana Cake, tarta de pl\u00e1tanos naturales,\u00a0 rellena de crema de queso, decorada con cubierta de swiss merengue butter cream, estrellas y n\u00famero en fondant, nombre en bander\u00edn o en la base de la tarta a elegir, ideal para festejar el primer a\u00f1o de los beb\u00e9s.<\/p>\n<p>Tan suave y rica que es la m\u00e1s solicitada para las celebraciones de grandes y peques.<\/p>\n","protected":false},"featured_media":1262,"comment_status":"open","ping_status":"closed","template":"","meta":{"site-sidebar-layout":"default","site-content-layout":"default","ast-global-header-display":"","ast-main-header-display":"","ast-hfb-above-header-display":"","ast-hfb-below-header-display":"","ast-hfb-mobile-header-display":"","site-post-title":"","ast-breadcrumbs-content":"","ast-featured-img":"","footer-sml-layout":"","theme-transparent-header-meta":"default","adv-header-id-meta":"","stick-header-meta":"","header-above-stick-meta":"","header-main-stick-meta":"","header-below-stick-meta":""},"product_cat":[15],"product_tag":[60,63,59,61,62,64,35],"yoast_head":"<!-- This site is optimized with the Yoast SEO plugin v19.7.1 - https:\/\/yoast.com\/wordpress\/plugins\/seo\/ -->\n<title>Tarta Little Star | Dulcemente<\/title>\n<meta name=\"robots\" content=\"index, follow, max-snippet:-1, max-image-preview:large, max-video-preview:-1\" \/>\n<link rel=\"canonical\" href=\"https:\/\/www.dulcementerd.com\/?product=tarta-little-star\" \/>\n<meta property=\"og:locale\" content=\"es_ES\" \/>\n<meta property=\"og:type\" content=\"article\" \/>\n<meta property=\"og:title\" content=\"Tarta Little Star | Dulcemente\" \/>\n<meta property=\"og:description\" content=\"Banana Cake, tarta de pl\u00e1tanos naturales,\u00a0 rellena de crema de queso, decorada con cubierta de swiss merengue butter cream, estrellas y n\u00famero en fondant, nombre en bander\u00edn o en la base de la tarta a elegir, ideal para festejar el primer a\u00f1o de los beb\u00e9s.  Tan suave y rica que es la m\u00e1s solicitada para las celebraciones de grandes y peques.\" \/>\n<meta property=\"og:url\" content=\"https:\/\/www.dulcementerd.com\/?product=tarta-little-star\" \/>\n<meta property=\"og:site_name\" content=\"Dulcemente\" \/>\n<meta property=\"article:publisher\" content=\"https:\/\/www.facebook.com\/dulcementerd\/\" \/>\n<meta property=\"article:modified_time\" content=\"2025-02-17T13:12:53+00:00\" \/>\n<meta property=\"og:image\" content=\"https:\/\/www.dulcementerd.com\/wp-content\/uploads\/2021\/01\/WhatsApp-Image-2021-01-30-at-9.20.09-PM-1.jpeg\" \/>\n\t<meta property=\"og:image:width\" content=\"1600\" \/>\n\t<meta property=\"og:image:height\" content=\"1600\" \/>\n\t<meta property=\"og:image:type\" content=\"image\/jpeg\" \/>\n<meta name=\"twitter:card\" content=\"summary_large_image\" \/>\n<script type=\"application\/ld+json\" class=\"yoast-schema-graph\">{\"@context\":\"https:\/\/schema.org\",\"@graph\":[{\"@type\":\"WebPage\",\"@id\":\"https:\/\/www.dulcementerd.com\/?product=tarta-little-star\",\"url\":\"https:\/\/www.dulcementerd.com\/?product=tarta-little-star\",\"name\":\"Tarta Little Star | Dulcemente\",\"isPartOf\":{\"@id\":\"https:\/\/www.dulcementerd.com\/#website\"},\"datePublished\":\"2021-01-30T23:03:34+00:00\",\"dateModified\":\"2025-02-17T13:12:53+00:00\",\"breadcrumb\":{\"@id\":\"https:\/\/www.dulcementerd.com\/?product=tarta-little-star#breadcrumb\"},\"inLanguage\":\"es\",\"potentialAction\":[{\"@type\":\"ReadAction\",\"target\":[\"https:\/\/www.dulcementerd.com\/?product=tarta-little-star\"]}]},{\"@type\":\"BreadcrumbList\",\"@id\":\"https:\/\/www.dulcementerd.com\/?product=tarta-little-star#breadcrumb\",\"itemListElement\":[{\"@type\":\"ListItem\",\"position\":1,\"name\":\"Portada\",\"item\":\"https:\/\/www.dulcementerd.com\/\"},{\"@type\":\"ListItem\",\"position\":2,\"name\":\"Productos\",\"item\":\"https:\/\/www.dulcementerd.com\/?post_type=product\"},{\"@type\":\"ListItem\",\"position\":3,\"name\":\"Tarta Little Star\"}]},{\"@type\":\"WebSite\",\"@id\":\"https:\/\/www.dulcementerd.com\/#website\",\"url\":\"https:\/\/www.dulcementerd.com\/\",\"name\":\"Dulcemente\",\"description\":\"Reposter\u00cda de Dise\u00f1o\",\"publisher\":{\"@id\":\"https:\/\/www.dulcementerd.com\/#organization\"},\"potentialAction\":[{\"@type\":\"SearchAction\",\"target\":{\"@type\":\"EntryPoint\",\"urlTemplate\":\"https:\/\/www.dulcementerd.com\/?s={search_term_string}\"},\"query-input\":\"required name=search_term_string\"}],\"inLanguage\":\"es\"},{\"@type\":\"Organization\",\"@id\":\"https:\/\/www.dulcementerd.com\/#organization\",\"name\":\"Dulcemente Reposteria de Dise\u00f1o\",\"url\":\"https:\/\/www.dulcementerd.com\/\",\"sameAs\":[\"https:\/\/www.instagram.com\/dulcementerd\/\",\"https:\/\/www.youtube.com\/c\/HorneaDulcementerd\",\"https:\/\/www.facebook.com\/dulcementerd\/\"],\"logo\":{\"@type\":\"ImageObject\",\"inLanguage\":\"es\",\"@id\":\"https:\/\/www.dulcementerd.com\/#\/schema\/logo\/image\/\",\"url\":\"https:\/\/dulcementerd.com\/wp-content\/uploads\/2020\/03\/cropped-logo-01.png\",\"contentUrl\":\"https:\/\/dulcementerd.com\/wp-content\/uploads\/2020\/03\/cropped-logo-01.png\",\"width\":240,\"height\":240,\"caption\":\"Dulcemente Reposteria de Dise\u00f1o\"},\"image\":{\"@id\":\"https:\/\/www.dulcementerd.com\/#\/schema\/logo\/image\/\"}}]}<\/script>\n<!-- \/ Yoast SEO plugin. -->","yoast_head_json":{"title":"Tarta Little Star | Dulcemente","robots":{"index":"index","follow":"follow","max-snippet":"max-snippet:-1","max-image-preview":"max-image-preview:large","max-video-preview":"max-video-preview:-1"},"canonical":"https:\/\/www.dulcementerd.com\/?product=tarta-little-star","og_locale":"es_ES","og_type":"article","og_title":"Tarta Little Star | Dulcemente","og_description":"Banana Cake, tarta de pl\u00e1tanos naturales,\u00a0 rellena de crema de queso, decorada con cubierta de swiss merengue butter cream, estrellas y n\u00famero en fondant, nombre en bander\u00edn o en la base de la tarta a elegir, ideal para festejar el primer a\u00f1o de los beb\u00e9s.  Tan suave y rica que es la m\u00e1s solicitada para las celebraciones de grandes y peques.","og_url":"https:\/\/www.dulcementerd.com\/?product=tarta-little-star","og_site_name":"Dulcemente","article_publisher":"https:\/\/www.facebook.com\/dulcementerd\/","article_modified_time":"2025-02-17T13:12:53+00:00","og_image":[{"width":1600,"height":1600,"url":"https:\/\/www.dulcementerd.com\/wp-content\/uploads\/2021\/01\/WhatsApp-Image-2021-01-30-at-9.20.09-PM-1.jpeg","type":"image\/jpeg"}],"twitter_card":"summary_large_image","schema":{"@context":"https:\/\/schema.org","@graph":[{"@type":"WebPage","@id":"https:\/\/www.dulcementerd.com\/?product=tarta-little-star","url":"https:\/\/www.dulcementerd.com\/?product=tarta-little-star","name":"Tarta Little Star | Dulcemente","isPartOf":{"@id":"https:\/\/www.dulcementerd.com\/#website"},"datePublished":"2021-01-30T23:03:34+00:00","dateModified":"2025-02-17T13:12:53+00:00","breadcrumb":{"@id":"https:\/\/www.dulcementerd.com\/?product=tarta-little-star#breadcrumb"},"inLanguage":"es","potentialAction":[{"@type":"ReadAction","target":["https:\/\/www.dulcementerd.com\/?product=tarta-little-star"]}]},{"@type":"BreadcrumbList","@id":"https:\/\/www.dulcementerd.com\/?product=tarta-little-star#breadcrumb","itemListElement":[{"@type":"ListItem","position":1,"name":"Portada","item":"https:\/\/www.dulcementerd.com\/"},{"@type":"ListItem","position":2,"name":"Productos","item":"https:\/\/www.dulcementerd.com\/?post_type=product"},{"@type":"ListItem","position":3,"name":"Tarta Little Star"}]},{"@type":"WebSite","@id":"https:\/\/www.dulcementerd.com\/#website","url":"https:\/\/www.dulcementerd.com\/","name":"Dulcemente","description":"Reposter\u00cda de Dise\u00f1o","publisher":{"@id":"https:\/\/www.dulcementerd.com\/#organization"},"potentialAction":[{"@type":"SearchAction","target":{"@type":"EntryPoint","urlTemplate":"https:\/\/www.dulcementerd.com\/?s={search_term_string}"},"query-input":"required name=search_term_string"}],"inLanguage":"es"},{"@type":"Organization","@id":"https:\/\/www.dulcementerd.com\/#organization","name":"Dulcemente Reposteria de Dise\u00f1o","url":"https:\/\/www.dulcementerd.com\/","sameAs":["https:\/\/www.instagram.com\/dulcementerd\/","https:\/\/www.youtube.com\/c\/HorneaDulcementerd","https:\/\/www.facebook.com\/dulcementerd\/"],"logo":{"@type":"ImageObject","inLanguage":"es","@id":"https:\/\/www.dulcementerd.com\/#\/schema\/logo\/image\/","url":"https:\/\/dulcementerd.com\/wp-content\/uploads\/2020\/03\/cropped-logo-01.png","contentUrl":"https:\/\/dulcementerd.com\/wp-content\/uploads\/2020\/03\/cropped-logo-01.png","width":240,"height":240,"caption":"Dulcemente Reposteria de Dise\u00f1o"},"image":{"@id":"https:\/\/www.dulcementerd.com\/#\/schema\/logo\/image\/"}}]}},"_links":{"self":[{"href":"https:\/\/www.dulcementerd.com\/index.php?rest_route=\/wp\/v2\/product\/1258"}],"collection":[{"href":"https:\/\/www.dulcementerd.com\/index.php?rest_route=\/wp\/v2\/product"}],"about":[{"href":"https:\/\/www.dulcementerd.com\/index.php?rest_route=\/wp\/v2\/types\/product"}],"replies":[{"embeddable":true,"href":"https:\/\/www.dulcementerd.com\/index.php?rest_route=%2Fwp%2Fv2%2Fcomments&post=1258"}],"version-history":[{"count":7,"href":"https:\/\/www.dulcementerd.com\/index.php?rest_route=\/wp\/v2\/product\/1258\/revisions"}],"predecessor-version":[{"id":1502,"href":"https:\/\/www.dulcementerd.com\/index.php?rest_route=\/wp\/v2\/product\/1258\/revisions\/1502"}],"wp:featuredmedia":[{"embeddable":true,"href":"https:\/\/www.dulcementerd.com\/index.php?rest_route=\/wp\/v2\/media\/1262"}],"wp:attachment":[{"href":"https:\/\/www.dulcementerd.com\/index.php?rest_route=%2Fwp%2Fv2%2Fmedia&parent=1258"}],"wp:term":[{"taxonomy":"product_cat","embeddable":true,"href":"https:\/\/www.dulcementerd.com\/index.php?rest_route=%2Fwp%2Fv2%2Fproduct_cat&post=1258"},{"taxonomy":"product_tag","embeddable":true,"href":"https:\/\/www.dulcementerd.com\/index.php?rest_route=%2Fwp%2Fv2%2Fproduct_tag&post=1258"}],"curies":[{"name":"wp","href":"https:\/\/api.w.org\/{rel}","templated":true}]}}