{"id":2246,"date":"2023-03-12T22:17:36","date_gmt":"2023-03-12T21:17:36","guid":{"rendered":"https:\/\/www.dulcementerd.com\/?post_type=product&#038;p=2246"},"modified":"2025-02-17T13:10:31","modified_gmt":"2025-02-17T12:10:31","slug":"bento-cake-super-papa-copia","status":"publish","type":"product","link":"https:\/\/www.dulcementerd.com\/?product=bento-cake-super-papa-copia","title":{"rendered":"Bento Cake S\u00faper Pap\u00e1"},"content":{"rendered":"<p>Reserva con 5\u20ac tu tarta para celebrar el D\u00eda del Padre, Bento Cake S\u00faper Pap\u00e1, rico bizcocho de vainilla relleno de crema de nutella, del tama\u00f1o de una hamburguesa se entrega en cajita decorada D\u00eda del Padre.<\/p>\n","protected":false},"excerpt":{"rendered":"<p>Reserva con 5\u20ac tu tarta para celebrar el D\u00eda del Padre, Bento Cake S\u00faper Pap\u00e1, rico bizcocho de vainilla relleno de crema de nutella, del tama\u00f1o de una hamburguesa se entrega en cajita decorada D\u00eda del Padre.<\/p>\n<p>Valor total del producto 25\u20ac Solo con entrega en Tienda Calle O\u00f1a 67 bajo CP 28050.<\/p>\n<p>&nbsp;<\/p>\n","protected":false},"featured_media":2232,"comment_status":"open","ping_status":"closed","template":"","meta":{"site-sidebar-layout":"default","site-content-layout":"default","ast-global-header-display":"","ast-main-header-display":"","ast-hfb-above-header-display":"","ast-hfb-below-header-display":"","ast-hfb-mobile-header-display":"","site-post-title":"","ast-breadcrumbs-content":"","ast-featured-img":"","footer-sml-layout":"","theme-transparent-header-meta":"default","adv-header-id-meta":"","stick-header-meta":"","header-above-stick-meta":"","header-main-stick-meta":"","header-below-stick-meta":""},"product_cat":[15],"product_tag":[113,115,125,126,127,150],"yoast_head":"<!-- This site is optimized with the Yoast SEO plugin v19.7.1 - https:\/\/yoast.com\/wordpress\/plugins\/seo\/ -->\n<title>Bento Cake S\u00faper Pap\u00e1 | Dulcemente<\/title>\n<meta name=\"robots\" content=\"index, follow, max-snippet:-1, max-image-preview:large, max-video-preview:-1\" \/>\n<link rel=\"canonical\" href=\"https:\/\/www.dulcementerd.com\/?product=bento-cake-super-papa-copia\" \/>\n<meta property=\"og:locale\" content=\"es_ES\" \/>\n<meta property=\"og:type\" content=\"article\" \/>\n<meta property=\"og:title\" content=\"Bento Cake S\u00faper Pap\u00e1 | Dulcemente\" \/>\n<meta property=\"og:description\" content=\"Reserva con 5\u20ac tu tarta para celebrar el D\u00eda del Padre, Bento Cake S\u00faper Pap\u00e1, rico bizcocho de vainilla relleno de crema de nutella, del tama\u00f1o de una hamburguesa se entrega en cajita decorada D\u00eda del Padre.  Valor total del producto 25\u20ac Solo con entrega en Tienda Calle O\u00f1a 67 bajo CP 28050.  &nbsp;\" \/>\n<meta property=\"og:url\" content=\"https:\/\/www.dulcementerd.com\/?product=bento-cake-super-papa-copia\" \/>\n<meta property=\"og:site_name\" content=\"Dulcemente\" \/>\n<meta property=\"article:publisher\" content=\"https:\/\/www.facebook.com\/dulcementerd\/\" \/>\n<meta property=\"article:modified_time\" content=\"2025-02-17T12:10:31+00:00\" \/>\n<meta property=\"og:image\" content=\"https:\/\/www.dulcementerd.com\/wp-content\/uploads\/2023\/03\/P1010858.jpg\" \/>\n\t<meta property=\"og:image:width\" content=\"2176\" \/>\n\t<meta property=\"og:image:height\" content=\"2176\" \/>\n\t<meta property=\"og:image:type\" content=\"image\/jpeg\" \/>\n<meta name=\"twitter:card\" content=\"summary_large_image\" \/>\n<script type=\"application\/ld+json\" class=\"yoast-schema-graph\">{\"@context\":\"https:\/\/schema.org\",\"@graph\":[{\"@type\":\"WebPage\",\"@id\":\"https:\/\/www.dulcementerd.com\/?product=bento-cake-super-papa-copia\",\"url\":\"https:\/\/www.dulcementerd.com\/?product=bento-cake-super-papa-copia\",\"name\":\"Bento Cake S\u00faper Pap\u00e1 | Dulcemente\",\"isPartOf\":{\"@id\":\"https:\/\/www.dulcementerd.com\/#website\"},\"datePublished\":\"2023-03-12T21:17:36+00:00\",\"dateModified\":\"2025-02-17T12:10:31+00:00\",\"breadcrumb\":{\"@id\":\"https:\/\/www.dulcementerd.com\/?product=bento-cake-super-papa-copia#breadcrumb\"},\"inLanguage\":\"es\",\"potentialAction\":[{\"@type\":\"ReadAction\",\"target\":[\"https:\/\/www.dulcementerd.com\/?product=bento-cake-super-papa-copia\"]}]},{\"@type\":\"BreadcrumbList\",\"@id\":\"https:\/\/www.dulcementerd.com\/?product=bento-cake-super-papa-copia#breadcrumb\",\"itemListElement\":[{\"@type\":\"ListItem\",\"position\":1,\"name\":\"Portada\",\"item\":\"https:\/\/www.dulcementerd.com\/\"},{\"@type\":\"ListItem\",\"position\":2,\"name\":\"Productos\",\"item\":\"https:\/\/www.dulcementerd.com\/?post_type=product\"},{\"@type\":\"ListItem\",\"position\":3,\"name\":\"Bento Cake S\u00faper Pap\u00e1\"}]},{\"@type\":\"WebSite\",\"@id\":\"https:\/\/www.dulcementerd.com\/#website\",\"url\":\"https:\/\/www.dulcementerd.com\/\",\"name\":\"Dulcemente\",\"description\":\"Reposter\u00cda de Dise\u00f1o\",\"publisher\":{\"@id\":\"https:\/\/www.dulcementerd.com\/#organization\"},\"potentialAction\":[{\"@type\":\"SearchAction\",\"target\":{\"@type\":\"EntryPoint\",\"urlTemplate\":\"https:\/\/www.dulcementerd.com\/?s={search_term_string}\"},\"query-input\":\"required name=search_term_string\"}],\"inLanguage\":\"es\"},{\"@type\":\"Organization\",\"@id\":\"https:\/\/www.dulcementerd.com\/#organization\",\"name\":\"Dulcemente Reposteria de Dise\u00f1o\",\"url\":\"https:\/\/www.dulcementerd.com\/\",\"sameAs\":[\"https:\/\/www.instagram.com\/dulcementerd\/\",\"https:\/\/www.youtube.com\/c\/HorneaDulcementerd\",\"https:\/\/www.facebook.com\/dulcementerd\/\"],\"logo\":{\"@type\":\"ImageObject\",\"inLanguage\":\"es\",\"@id\":\"https:\/\/www.dulcementerd.com\/#\/schema\/logo\/image\/\",\"url\":\"https:\/\/dulcementerd.com\/wp-content\/uploads\/2020\/03\/cropped-logo-01.png\",\"contentUrl\":\"https:\/\/dulcementerd.com\/wp-content\/uploads\/2020\/03\/cropped-logo-01.png\",\"width\":240,\"height\":240,\"caption\":\"Dulcemente Reposteria de Dise\u00f1o\"},\"image\":{\"@id\":\"https:\/\/www.dulcementerd.com\/#\/schema\/logo\/image\/\"}}]}<\/script>\n<!-- \/ Yoast SEO plugin. -->","yoast_head_json":{"title":"Bento Cake S\u00faper Pap\u00e1 | Dulcemente","robots":{"index":"index","follow":"follow","max-snippet":"max-snippet:-1","max-image-preview":"max-image-preview:large","max-video-preview":"max-video-preview:-1"},"canonical":"https:\/\/www.dulcementerd.com\/?product=bento-cake-super-papa-copia","og_locale":"es_ES","og_type":"article","og_title":"Bento Cake S\u00faper Pap\u00e1 | Dulcemente","og_description":"Reserva con 5\u20ac tu tarta para celebrar el D\u00eda del Padre, Bento Cake S\u00faper Pap\u00e1, rico bizcocho de vainilla relleno de crema de nutella, del tama\u00f1o de una hamburguesa se entrega en cajita decorada D\u00eda del Padre.  Valor total del producto 25\u20ac Solo con entrega en Tienda Calle O\u00f1a 67 bajo CP 28050.  &nbsp;","og_url":"https:\/\/www.dulcementerd.com\/?product=bento-cake-super-papa-copia","og_site_name":"Dulcemente","article_publisher":"https:\/\/www.facebook.com\/dulcementerd\/","article_modified_time":"2025-02-17T12:10:31+00:00","og_image":[{"width":2176,"height":2176,"url":"https:\/\/www.dulcementerd.com\/wp-content\/uploads\/2023\/03\/P1010858.jpg","type":"image\/jpeg"}],"twitter_card":"summary_large_image","schema":{"@context":"https:\/\/schema.org","@graph":[{"@type":"WebPage","@id":"https:\/\/www.dulcementerd.com\/?product=bento-cake-super-papa-copia","url":"https:\/\/www.dulcementerd.com\/?product=bento-cake-super-papa-copia","name":"Bento Cake S\u00faper Pap\u00e1 | Dulcemente","isPartOf":{"@id":"https:\/\/www.dulcementerd.com\/#website"},"datePublished":"2023-03-12T21:17:36+00:00","dateModified":"2025-02-17T12:10:31+00:00","breadcrumb":{"@id":"https:\/\/www.dulcementerd.com\/?product=bento-cake-super-papa-copia#breadcrumb"},"inLanguage":"es","potentialAction":[{"@type":"ReadAction","target":["https:\/\/www.dulcementerd.com\/?product=bento-cake-super-papa-copia"]}]},{"@type":"BreadcrumbList","@id":"https:\/\/www.dulcementerd.com\/?product=bento-cake-super-papa-copia#breadcrumb","itemListElement":[{"@type":"ListItem","position":1,"name":"Portada","item":"https:\/\/www.dulcementerd.com\/"},{"@type":"ListItem","position":2,"name":"Productos","item":"https:\/\/www.dulcementerd.com\/?post_type=product"},{"@type":"ListItem","position":3,"name":"Bento Cake S\u00faper Pap\u00e1"}]},{"@type":"WebSite","@id":"https:\/\/www.dulcementerd.com\/#website","url":"https:\/\/www.dulcementerd.com\/","name":"Dulcemente","description":"Reposter\u00cda de Dise\u00f1o","publisher":{"@id":"https:\/\/www.dulcementerd.com\/#organization"},"potentialAction":[{"@type":"SearchAction","target":{"@type":"EntryPoint","urlTemplate":"https:\/\/www.dulcementerd.com\/?s={search_term_string}"},"query-input":"required name=search_term_string"}],"inLanguage":"es"},{"@type":"Organization","@id":"https:\/\/www.dulcementerd.com\/#organization","name":"Dulcemente Reposteria de Dise\u00f1o","url":"https:\/\/www.dulcementerd.com\/","sameAs":["https:\/\/www.instagram.com\/dulcementerd\/","https:\/\/www.youtube.com\/c\/HorneaDulcementerd","https:\/\/www.facebook.com\/dulcementerd\/"],"logo":{"@type":"ImageObject","inLanguage":"es","@id":"https:\/\/www.dulcementerd.com\/#\/schema\/logo\/image\/","url":"https:\/\/dulcementerd.com\/wp-content\/uploads\/2020\/03\/cropped-logo-01.png","contentUrl":"https:\/\/dulcementerd.com\/wp-content\/uploads\/2020\/03\/cropped-logo-01.png","width":240,"height":240,"caption":"Dulcemente Reposteria de Dise\u00f1o"},"image":{"@id":"https:\/\/www.dulcementerd.com\/#\/schema\/logo\/image\/"}}]}},"_links":{"self":[{"href":"https:\/\/www.dulcementerd.com\/index.php?rest_route=\/wp\/v2\/product\/2246"}],"collection":[{"href":"https:\/\/www.dulcementerd.com\/index.php?rest_route=\/wp\/v2\/product"}],"about":[{"href":"https:\/\/www.dulcementerd.com\/index.php?rest_route=\/wp\/v2\/types\/product"}],"replies":[{"embeddable":true,"href":"https:\/\/www.dulcementerd.com\/index.php?rest_route=%2Fwp%2Fv2%2Fcomments&post=2246"}],"version-history":[{"count":4,"href":"https:\/\/www.dulcementerd.com\/index.php?rest_route=\/wp\/v2\/product\/2246\/revisions"}],"predecessor-version":[{"id":2306,"href":"https:\/\/www.dulcementerd.com\/index.php?rest_route=\/wp\/v2\/product\/2246\/revisions\/2306"}],"wp:featuredmedia":[{"embeddable":true,"href":"https:\/\/www.dulcementerd.com\/index.php?rest_route=\/wp\/v2\/media\/2232"}],"wp:attachment":[{"href":"https:\/\/www.dulcementerd.com\/index.php?rest_route=%2Fwp%2Fv2%2Fmedia&parent=2246"}],"wp:term":[{"taxonomy":"product_cat","embeddable":true,"href":"https:\/\/www.dulcementerd.com\/index.php?rest_route=%2Fwp%2Fv2%2Fproduct_cat&post=2246"},{"taxonomy":"product_tag","embeddable":true,"href":"https:\/\/www.dulcementerd.com\/index.php?rest_route=%2Fwp%2Fv2%2Fproduct_tag&post=2246"}],"curies":[{"name":"wp","href":"https:\/\/api.w.org\/{rel}","templated":true}]}}