{"id":474,"date":"2020-04-28T20:51:13","date_gmt":"2020-04-28T18:51:13","guid":{"rendered":"http:\/\/dulcementerd.com\/?post_type=product&#038;p=474"},"modified":"2025-02-17T16:33:41","modified_gmt":"2025-02-17T15:33:41","slug":"tarta-desnuda-de-limon-lemon-naked-cake","status":"publish","type":"product","link":"https:\/\/www.dulcementerd.com\/?product=tarta-desnuda-de-limon-lemon-naked-cake","title":{"rendered":"Tarta Desnuda de Lim\u00f3n (Lemon Naked Cake)"},"content":{"rendered":"<p><b>Ingredientes:<\/b><\/p>\n<p>Tarta de Lim\u00f3n: (Az\u00facar blanca, huevos, mantequilla, harina de trigo, zumo de lim\u00f3n, yogurt natural,\u00a0 polvo para hornear, ralladura de lim\u00f3n).<\/p>\n<p>Crema de Lim\u00f3n: Huevos, mantequilla, lim\u00f3n, az\u00facar.<\/p>\n","protected":false},"excerpt":{"rendered":"<p>Rica tarta de lim\u00f3n, rellena de crema de lim\u00f3n, decorada con limones naturales y topper de globos, nombre y n\u00famero personalizados.<\/p>\n","protected":false},"featured_media":478,"comment_status":"open","ping_status":"closed","template":"","meta":{"site-sidebar-layout":"default","site-content-layout":"default","ast-global-header-display":"","ast-main-header-display":"","ast-hfb-above-header-display":"","ast-hfb-below-header-display":"","ast-hfb-mobile-header-display":"","site-post-title":"","ast-breadcrumbs-content":"","ast-featured-img":"","footer-sml-layout":"","theme-transparent-header-meta":"default","adv-header-id-meta":"","stick-header-meta":"","header-above-stick-meta":"","header-main-stick-meta":"","header-below-stick-meta":""},"product_cat":[15],"product_tag":[44,35,43],"yoast_head":"<!-- This site is optimized with the Yoast SEO plugin v19.7.1 - https:\/\/yoast.com\/wordpress\/plugins\/seo\/ -->\n<title>Tarta Desnuda de Lim\u00f3n (Lemon Naked Cake) | Dulcemente<\/title>\n<meta name=\"robots\" content=\"index, follow, max-snippet:-1, max-image-preview:large, max-video-preview:-1\" \/>\n<link rel=\"canonical\" href=\"https:\/\/www.dulcementerd.com\/?product=tarta-desnuda-de-limon-lemon-naked-cake\" \/>\n<meta property=\"og:locale\" content=\"es_ES\" \/>\n<meta property=\"og:type\" content=\"article\" \/>\n<meta property=\"og:title\" content=\"Tarta Desnuda de Lim\u00f3n (Lemon Naked Cake) | Dulcemente\" \/>\n<meta property=\"og:description\" content=\"Rica tarta de lim\u00f3n, rellena de crema de lim\u00f3n, decorada con limones naturales y topper de globos, nombre y n\u00famero personalizados.\" \/>\n<meta property=\"og:url\" content=\"https:\/\/www.dulcementerd.com\/?product=tarta-desnuda-de-limon-lemon-naked-cake\" \/>\n<meta property=\"og:site_name\" content=\"Dulcemente\" \/>\n<meta property=\"article:publisher\" content=\"https:\/\/www.facebook.com\/dulcementerd\/\" \/>\n<meta property=\"article:modified_time\" content=\"2025-02-17T15:33:41+00:00\" \/>\n<meta property=\"og:image\" content=\"https:\/\/www.dulcementerd.com\/wp-content\/uploads\/2020\/04\/MG_7949-scaled.jpg\" \/>\n\t<meta property=\"og:image:width\" content=\"1918\" \/>\n\t<meta property=\"og:image:height\" content=\"2560\" \/>\n\t<meta property=\"og:image:type\" content=\"image\/jpeg\" \/>\n<meta name=\"twitter:card\" content=\"summary_large_image\" \/>\n<script type=\"application\/ld+json\" class=\"yoast-schema-graph\">{\"@context\":\"https:\/\/schema.org\",\"@graph\":[{\"@type\":\"WebPage\",\"@id\":\"https:\/\/www.dulcementerd.com\/?product=tarta-desnuda-de-limon-lemon-naked-cake\",\"url\":\"https:\/\/www.dulcementerd.com\/?product=tarta-desnuda-de-limon-lemon-naked-cake\",\"name\":\"Tarta Desnuda de Lim\u00f3n (Lemon Naked Cake) | Dulcemente\",\"isPartOf\":{\"@id\":\"https:\/\/www.dulcementerd.com\/#website\"},\"datePublished\":\"2020-04-28T18:51:13+00:00\",\"dateModified\":\"2025-02-17T15:33:41+00:00\",\"breadcrumb\":{\"@id\":\"https:\/\/www.dulcementerd.com\/?product=tarta-desnuda-de-limon-lemon-naked-cake#breadcrumb\"},\"inLanguage\":\"es\",\"potentialAction\":[{\"@type\":\"ReadAction\",\"target\":[\"https:\/\/www.dulcementerd.com\/?product=tarta-desnuda-de-limon-lemon-naked-cake\"]}]},{\"@type\":\"BreadcrumbList\",\"@id\":\"https:\/\/www.dulcementerd.com\/?product=tarta-desnuda-de-limon-lemon-naked-cake#breadcrumb\",\"itemListElement\":[{\"@type\":\"ListItem\",\"position\":1,\"name\":\"Portada\",\"item\":\"https:\/\/www.dulcementerd.com\/\"},{\"@type\":\"ListItem\",\"position\":2,\"name\":\"Productos\",\"item\":\"https:\/\/www.dulcementerd.com\/?post_type=product\"},{\"@type\":\"ListItem\",\"position\":3,\"name\":\"Tarta Desnuda de Lim\u00f3n (Lemon Naked Cake)\"}]},{\"@type\":\"WebSite\",\"@id\":\"https:\/\/www.dulcementerd.com\/#website\",\"url\":\"https:\/\/www.dulcementerd.com\/\",\"name\":\"Dulcemente\",\"description\":\"Reposter\u00cda de Dise\u00f1o\",\"publisher\":{\"@id\":\"https:\/\/www.dulcementerd.com\/#organization\"},\"potentialAction\":[{\"@type\":\"SearchAction\",\"target\":{\"@type\":\"EntryPoint\",\"urlTemplate\":\"https:\/\/www.dulcementerd.com\/?s={search_term_string}\"},\"query-input\":\"required name=search_term_string\"}],\"inLanguage\":\"es\"},{\"@type\":\"Organization\",\"@id\":\"https:\/\/www.dulcementerd.com\/#organization\",\"name\":\"Dulcemente Reposteria de Dise\u00f1o\",\"url\":\"https:\/\/www.dulcementerd.com\/\",\"sameAs\":[\"https:\/\/www.instagram.com\/dulcementerd\/\",\"https:\/\/www.youtube.com\/c\/HorneaDulcementerd\",\"https:\/\/www.facebook.com\/dulcementerd\/\"],\"logo\":{\"@type\":\"ImageObject\",\"inLanguage\":\"es\",\"@id\":\"https:\/\/www.dulcementerd.com\/#\/schema\/logo\/image\/\",\"url\":\"https:\/\/dulcementerd.com\/wp-content\/uploads\/2020\/03\/cropped-logo-01.png\",\"contentUrl\":\"https:\/\/dulcementerd.com\/wp-content\/uploads\/2020\/03\/cropped-logo-01.png\",\"width\":240,\"height\":240,\"caption\":\"Dulcemente Reposteria de Dise\u00f1o\"},\"image\":{\"@id\":\"https:\/\/www.dulcementerd.com\/#\/schema\/logo\/image\/\"}}]}<\/script>\n<!-- \/ Yoast SEO plugin. -->","yoast_head_json":{"title":"Tarta Desnuda de Lim\u00f3n (Lemon Naked Cake) | Dulcemente","robots":{"index":"index","follow":"follow","max-snippet":"max-snippet:-1","max-image-preview":"max-image-preview:large","max-video-preview":"max-video-preview:-1"},"canonical":"https:\/\/www.dulcementerd.com\/?product=tarta-desnuda-de-limon-lemon-naked-cake","og_locale":"es_ES","og_type":"article","og_title":"Tarta Desnuda de Lim\u00f3n (Lemon Naked Cake) | Dulcemente","og_description":"Rica tarta de lim\u00f3n, rellena de crema de lim\u00f3n, decorada con limones naturales y topper de globos, nombre y n\u00famero personalizados.","og_url":"https:\/\/www.dulcementerd.com\/?product=tarta-desnuda-de-limon-lemon-naked-cake","og_site_name":"Dulcemente","article_publisher":"https:\/\/www.facebook.com\/dulcementerd\/","article_modified_time":"2025-02-17T15:33:41+00:00","og_image":[{"width":1918,"height":2560,"url":"https:\/\/www.dulcementerd.com\/wp-content\/uploads\/2020\/04\/MG_7949-scaled.jpg","type":"image\/jpeg"}],"twitter_card":"summary_large_image","schema":{"@context":"https:\/\/schema.org","@graph":[{"@type":"WebPage","@id":"https:\/\/www.dulcementerd.com\/?product=tarta-desnuda-de-limon-lemon-naked-cake","url":"https:\/\/www.dulcementerd.com\/?product=tarta-desnuda-de-limon-lemon-naked-cake","name":"Tarta Desnuda de Lim\u00f3n (Lemon Naked Cake) | Dulcemente","isPartOf":{"@id":"https:\/\/www.dulcementerd.com\/#website"},"datePublished":"2020-04-28T18:51:13+00:00","dateModified":"2025-02-17T15:33:41+00:00","breadcrumb":{"@id":"https:\/\/www.dulcementerd.com\/?product=tarta-desnuda-de-limon-lemon-naked-cake#breadcrumb"},"inLanguage":"es","potentialAction":[{"@type":"ReadAction","target":["https:\/\/www.dulcementerd.com\/?product=tarta-desnuda-de-limon-lemon-naked-cake"]}]},{"@type":"BreadcrumbList","@id":"https:\/\/www.dulcementerd.com\/?product=tarta-desnuda-de-limon-lemon-naked-cake#breadcrumb","itemListElement":[{"@type":"ListItem","position":1,"name":"Portada","item":"https:\/\/www.dulcementerd.com\/"},{"@type":"ListItem","position":2,"name":"Productos","item":"https:\/\/www.dulcementerd.com\/?post_type=product"},{"@type":"ListItem","position":3,"name":"Tarta Desnuda de Lim\u00f3n (Lemon Naked Cake)"}]},{"@type":"WebSite","@id":"https:\/\/www.dulcementerd.com\/#website","url":"https:\/\/www.dulcementerd.com\/","name":"Dulcemente","description":"Reposter\u00cda de Dise\u00f1o","publisher":{"@id":"https:\/\/www.dulcementerd.com\/#organization"},"potentialAction":[{"@type":"SearchAction","target":{"@type":"EntryPoint","urlTemplate":"https:\/\/www.dulcementerd.com\/?s={search_term_string}"},"query-input":"required name=search_term_string"}],"inLanguage":"es"},{"@type":"Organization","@id":"https:\/\/www.dulcementerd.com\/#organization","name":"Dulcemente Reposteria de Dise\u00f1o","url":"https:\/\/www.dulcementerd.com\/","sameAs":["https:\/\/www.instagram.com\/dulcementerd\/","https:\/\/www.youtube.com\/c\/HorneaDulcementerd","https:\/\/www.facebook.com\/dulcementerd\/"],"logo":{"@type":"ImageObject","inLanguage":"es","@id":"https:\/\/www.dulcementerd.com\/#\/schema\/logo\/image\/","url":"https:\/\/dulcementerd.com\/wp-content\/uploads\/2020\/03\/cropped-logo-01.png","contentUrl":"https:\/\/dulcementerd.com\/wp-content\/uploads\/2020\/03\/cropped-logo-01.png","width":240,"height":240,"caption":"Dulcemente Reposteria de Dise\u00f1o"},"image":{"@id":"https:\/\/www.dulcementerd.com\/#\/schema\/logo\/image\/"}}]}},"_links":{"self":[{"href":"https:\/\/www.dulcementerd.com\/index.php?rest_route=\/wp\/v2\/product\/474"}],"collection":[{"href":"https:\/\/www.dulcementerd.com\/index.php?rest_route=\/wp\/v2\/product"}],"about":[{"href":"https:\/\/www.dulcementerd.com\/index.php?rest_route=\/wp\/v2\/types\/product"}],"replies":[{"embeddable":true,"href":"https:\/\/www.dulcementerd.com\/index.php?rest_route=%2Fwp%2Fv2%2Fcomments&post=474"}],"version-history":[{"count":5,"href":"https:\/\/www.dulcementerd.com\/index.php?rest_route=\/wp\/v2\/product\/474\/revisions"}],"predecessor-version":[{"id":1482,"href":"https:\/\/www.dulcementerd.com\/index.php?rest_route=\/wp\/v2\/product\/474\/revisions\/1482"}],"wp:featuredmedia":[{"embeddable":true,"href":"https:\/\/www.dulcementerd.com\/index.php?rest_route=\/wp\/v2\/media\/478"}],"wp:attachment":[{"href":"https:\/\/www.dulcementerd.com\/index.php?rest_route=%2Fwp%2Fv2%2Fmedia&parent=474"}],"wp:term":[{"taxonomy":"product_cat","embeddable":true,"href":"https:\/\/www.dulcementerd.com\/index.php?rest_route=%2Fwp%2Fv2%2Fproduct_cat&post=474"},{"taxonomy":"product_tag","embeddable":true,"href":"https:\/\/www.dulcementerd.com\/index.php?rest_route=%2Fwp%2Fv2%2Fproduct_tag&post=474"}],"curies":[{"name":"wp","href":"https:\/\/api.w.org\/{rel}","templated":true}]}}