{"id":491,"date":"2020-04-28T21:23:03","date_gmt":"2020-04-28T19:23:03","guid":{"rendered":"http:\/\/dulcementerd.com\/?post_type=product&#038;p=491"},"modified":"2024-01-08T17:56:30","modified_gmt":"2024-01-08T16:56:30","slug":"tarta-desnuda-con-frutas-y-banderin-naked-cake","status":"publish","type":"product","link":"https:\/\/www.dulcementerd.com\/?product=tarta-desnuda-con-frutas-y-banderin-naked-cake","title":{"rendered":"Doble Delicia con Frutas (Naked Cake)"},"content":{"rendered":"<p><b>Ingredientes<\/b>:<\/p>\n<p><strong>Bizcocho:\u00a0<\/strong><\/p>\n<p>Doble Delicia: Mitad tarta de chocolate mitad de vainilla.<\/p>\n<p>Tarta de Chocolate: az\u00facar morena, huevos, cacao, harina de trigo, aceite de girasol, vainilla, leche, polvo para hornear.<\/p>\n<p>Tarta de Vainilla: az\u00facar blanca, huevos, mantequilla, harina de trigo, zumo de frutas, vainilla, polvo para hornear, ralladura de lim\u00f3n.<\/p>\n<p><strong>Rellenos:<\/strong><\/p>\n<p>Crema Oreo: Nata, mantequilla, az\u00facar impalpable, leche, vainilla, galletas oreo.<\/p>\n<p>Nutella: Crema de avellanas.<\/p>\n<p>Crema Kinder: Nata, chocolate con leche, chocolate kinder bueno.<\/p>\n","protected":false},"excerpt":{"rendered":"<p>Tarta Naked Cake de Doble Delicia (combinaci\u00f3n de tartas de chocolate y\u00a0 vainilla), rellena de crema kinder, crema oreo o\u00a0 nutella a escoger, decorada con bander\u00edn o topper de feliz cumplea\u00f1os, acompa\u00f1ada de frutas de temporada en el tope, n\u00famero en vela y\u00a0 nombre en la base.<\/p>\n<p>&nbsp;<\/p>\n<p>&nbsp;<\/p>\n","protected":false},"featured_media":495,"comment_status":"open","ping_status":"closed","template":"","meta":{"site-sidebar-layout":"default","site-content-layout":"default","ast-global-header-display":"","ast-main-header-display":"","ast-hfb-above-header-display":"","ast-hfb-below-header-display":"","ast-hfb-mobile-header-display":"","site-post-title":"","ast-breadcrumbs-content":"","ast-featured-img":"","footer-sml-layout":"","theme-transparent-header-meta":"default","adv-header-id-meta":"","stick-header-meta":"","header-above-stick-meta":"","header-main-stick-meta":"","header-below-stick-meta":""},"product_cat":[15],"product_tag":[47,48,49,35,46],"yoast_head":"<!-- This site is optimized with the Yoast SEO plugin v19.7.1 - https:\/\/yoast.com\/wordpress\/plugins\/seo\/ -->\n<title>Doble Delicia con Frutas (Naked Cake) | Dulcemente<\/title>\n<meta name=\"robots\" content=\"index, follow, max-snippet:-1, max-image-preview:large, max-video-preview:-1\" \/>\n<link rel=\"canonical\" href=\"https:\/\/www.dulcementerd.com\/?product=tarta-desnuda-con-frutas-y-banderin-naked-cake\" \/>\n<meta property=\"og:locale\" content=\"es_ES\" \/>\n<meta property=\"og:type\" content=\"article\" \/>\n<meta property=\"og:title\" content=\"Doble Delicia con Frutas (Naked Cake) | Dulcemente\" \/>\n<meta property=\"og:description\" content=\"Tarta Naked Cake de Doble Delicia (combinaci\u00f3n de tartas de chocolate y\u00a0 vainilla), rellena de crema kinder, crema oreo o\u00a0 nutella a escoger, decorada con bander\u00edn o topper de feliz cumplea\u00f1os, acompa\u00f1ada de frutas de temporada en el tope, n\u00famero en vela y\u00a0 nombre en la base.  &nbsp;  &nbsp;\" \/>\n<meta property=\"og:url\" content=\"https:\/\/www.dulcementerd.com\/?product=tarta-desnuda-con-frutas-y-banderin-naked-cake\" \/>\n<meta property=\"og:site_name\" content=\"Dulcemente\" \/>\n<meta property=\"article:publisher\" content=\"https:\/\/www.facebook.com\/dulcementerd\/\" \/>\n<meta property=\"article:modified_time\" content=\"2024-01-08T16:56:30+00:00\" \/>\n<meta property=\"og:image\" content=\"https:\/\/www.dulcementerd.com\/wp-content\/uploads\/2020\/04\/MG_8008-scaled.jpg\" \/>\n\t<meta property=\"og:image:width\" content=\"1707\" \/>\n\t<meta property=\"og:image:height\" content=\"2560\" \/>\n\t<meta property=\"og:image:type\" content=\"image\/jpeg\" \/>\n<meta name=\"twitter:card\" content=\"summary_large_image\" \/>\n<script type=\"application\/ld+json\" class=\"yoast-schema-graph\">{\"@context\":\"https:\/\/schema.org\",\"@graph\":[{\"@type\":\"WebPage\",\"@id\":\"https:\/\/www.dulcementerd.com\/?product=tarta-desnuda-con-frutas-y-banderin-naked-cake\",\"url\":\"https:\/\/www.dulcementerd.com\/?product=tarta-desnuda-con-frutas-y-banderin-naked-cake\",\"name\":\"Doble Delicia con Frutas (Naked Cake) | Dulcemente\",\"isPartOf\":{\"@id\":\"https:\/\/www.dulcementerd.com\/#website\"},\"datePublished\":\"2020-04-28T19:23:03+00:00\",\"dateModified\":\"2024-01-08T16:56:30+00:00\",\"breadcrumb\":{\"@id\":\"https:\/\/www.dulcementerd.com\/?product=tarta-desnuda-con-frutas-y-banderin-naked-cake#breadcrumb\"},\"inLanguage\":\"es\",\"potentialAction\":[{\"@type\":\"ReadAction\",\"target\":[\"https:\/\/www.dulcementerd.com\/?product=tarta-desnuda-con-frutas-y-banderin-naked-cake\"]}]},{\"@type\":\"BreadcrumbList\",\"@id\":\"https:\/\/www.dulcementerd.com\/?product=tarta-desnuda-con-frutas-y-banderin-naked-cake#breadcrumb\",\"itemListElement\":[{\"@type\":\"ListItem\",\"position\":1,\"name\":\"Portada\",\"item\":\"https:\/\/www.dulcementerd.com\/\"},{\"@type\":\"ListItem\",\"position\":2,\"name\":\"Productos\",\"item\":\"https:\/\/www.dulcementerd.com\/?post_type=product\"},{\"@type\":\"ListItem\",\"position\":3,\"name\":\"Doble Delicia con Frutas (Naked Cake)\"}]},{\"@type\":\"WebSite\",\"@id\":\"https:\/\/www.dulcementerd.com\/#website\",\"url\":\"https:\/\/www.dulcementerd.com\/\",\"name\":\"Dulcemente\",\"description\":\"Reposter\u00cda de Dise\u00f1o\",\"publisher\":{\"@id\":\"https:\/\/www.dulcementerd.com\/#organization\"},\"potentialAction\":[{\"@type\":\"SearchAction\",\"target\":{\"@type\":\"EntryPoint\",\"urlTemplate\":\"https:\/\/www.dulcementerd.com\/?s={search_term_string}\"},\"query-input\":\"required name=search_term_string\"}],\"inLanguage\":\"es\"},{\"@type\":\"Organization\",\"@id\":\"https:\/\/www.dulcementerd.com\/#organization\",\"name\":\"Dulcemente Reposteria de Dise\u00f1o\",\"url\":\"https:\/\/www.dulcementerd.com\/\",\"sameAs\":[\"https:\/\/www.instagram.com\/dulcementerd\/\",\"https:\/\/www.youtube.com\/c\/HorneaDulcementerd\",\"https:\/\/www.facebook.com\/dulcementerd\/\"],\"logo\":{\"@type\":\"ImageObject\",\"inLanguage\":\"es\",\"@id\":\"https:\/\/www.dulcementerd.com\/#\/schema\/logo\/image\/\",\"url\":\"https:\/\/dulcementerd.com\/wp-content\/uploads\/2020\/03\/cropped-logo-01.png\",\"contentUrl\":\"https:\/\/dulcementerd.com\/wp-content\/uploads\/2020\/03\/cropped-logo-01.png\",\"width\":240,\"height\":240,\"caption\":\"Dulcemente Reposteria de Dise\u00f1o\"},\"image\":{\"@id\":\"https:\/\/www.dulcementerd.com\/#\/schema\/logo\/image\/\"}}]}<\/script>\n<!-- \/ Yoast SEO plugin. -->","yoast_head_json":{"title":"Doble Delicia con Frutas (Naked Cake) | Dulcemente","robots":{"index":"index","follow":"follow","max-snippet":"max-snippet:-1","max-image-preview":"max-image-preview:large","max-video-preview":"max-video-preview:-1"},"canonical":"https:\/\/www.dulcementerd.com\/?product=tarta-desnuda-con-frutas-y-banderin-naked-cake","og_locale":"es_ES","og_type":"article","og_title":"Doble Delicia con Frutas (Naked Cake) | Dulcemente","og_description":"Tarta Naked Cake de Doble Delicia (combinaci\u00f3n de tartas de chocolate y\u00a0 vainilla), rellena de crema kinder, crema oreo o\u00a0 nutella a escoger, decorada con bander\u00edn o topper de feliz cumplea\u00f1os, acompa\u00f1ada de frutas de temporada en el tope, n\u00famero en vela y\u00a0 nombre en la base.  &nbsp;  &nbsp;","og_url":"https:\/\/www.dulcementerd.com\/?product=tarta-desnuda-con-frutas-y-banderin-naked-cake","og_site_name":"Dulcemente","article_publisher":"https:\/\/www.facebook.com\/dulcementerd\/","article_modified_time":"2024-01-08T16:56:30+00:00","og_image":[{"width":1707,"height":2560,"url":"https:\/\/www.dulcementerd.com\/wp-content\/uploads\/2020\/04\/MG_8008-scaled.jpg","type":"image\/jpeg"}],"twitter_card":"summary_large_image","schema":{"@context":"https:\/\/schema.org","@graph":[{"@type":"WebPage","@id":"https:\/\/www.dulcementerd.com\/?product=tarta-desnuda-con-frutas-y-banderin-naked-cake","url":"https:\/\/www.dulcementerd.com\/?product=tarta-desnuda-con-frutas-y-banderin-naked-cake","name":"Doble Delicia con Frutas (Naked Cake) | Dulcemente","isPartOf":{"@id":"https:\/\/www.dulcementerd.com\/#website"},"datePublished":"2020-04-28T19:23:03+00:00","dateModified":"2024-01-08T16:56:30+00:00","breadcrumb":{"@id":"https:\/\/www.dulcementerd.com\/?product=tarta-desnuda-con-frutas-y-banderin-naked-cake#breadcrumb"},"inLanguage":"es","potentialAction":[{"@type":"ReadAction","target":["https:\/\/www.dulcementerd.com\/?product=tarta-desnuda-con-frutas-y-banderin-naked-cake"]}]},{"@type":"BreadcrumbList","@id":"https:\/\/www.dulcementerd.com\/?product=tarta-desnuda-con-frutas-y-banderin-naked-cake#breadcrumb","itemListElement":[{"@type":"ListItem","position":1,"name":"Portada","item":"https:\/\/www.dulcementerd.com\/"},{"@type":"ListItem","position":2,"name":"Productos","item":"https:\/\/www.dulcementerd.com\/?post_type=product"},{"@type":"ListItem","position":3,"name":"Doble Delicia con Frutas (Naked Cake)"}]},{"@type":"WebSite","@id":"https:\/\/www.dulcementerd.com\/#website","url":"https:\/\/www.dulcementerd.com\/","name":"Dulcemente","description":"Reposter\u00cda de Dise\u00f1o","publisher":{"@id":"https:\/\/www.dulcementerd.com\/#organization"},"potentialAction":[{"@type":"SearchAction","target":{"@type":"EntryPoint","urlTemplate":"https:\/\/www.dulcementerd.com\/?s={search_term_string}"},"query-input":"required name=search_term_string"}],"inLanguage":"es"},{"@type":"Organization","@id":"https:\/\/www.dulcementerd.com\/#organization","name":"Dulcemente Reposteria de Dise\u00f1o","url":"https:\/\/www.dulcementerd.com\/","sameAs":["https:\/\/www.instagram.com\/dulcementerd\/","https:\/\/www.youtube.com\/c\/HorneaDulcementerd","https:\/\/www.facebook.com\/dulcementerd\/"],"logo":{"@type":"ImageObject","inLanguage":"es","@id":"https:\/\/www.dulcementerd.com\/#\/schema\/logo\/image\/","url":"https:\/\/dulcementerd.com\/wp-content\/uploads\/2020\/03\/cropped-logo-01.png","contentUrl":"https:\/\/dulcementerd.com\/wp-content\/uploads\/2020\/03\/cropped-logo-01.png","width":240,"height":240,"caption":"Dulcemente Reposteria de Dise\u00f1o"},"image":{"@id":"https:\/\/www.dulcementerd.com\/#\/schema\/logo\/image\/"}}]}},"_links":{"self":[{"href":"https:\/\/www.dulcementerd.com\/index.php?rest_route=\/wp\/v2\/product\/491"}],"collection":[{"href":"https:\/\/www.dulcementerd.com\/index.php?rest_route=\/wp\/v2\/product"}],"about":[{"href":"https:\/\/www.dulcementerd.com\/index.php?rest_route=\/wp\/v2\/types\/product"}],"replies":[{"embeddable":true,"href":"https:\/\/www.dulcementerd.com\/index.php?rest_route=%2Fwp%2Fv2%2Fcomments&post=491"}],"version-history":[{"count":9,"href":"https:\/\/www.dulcementerd.com\/index.php?rest_route=\/wp\/v2\/product\/491\/revisions"}],"predecessor-version":[{"id":2278,"href":"https:\/\/www.dulcementerd.com\/index.php?rest_route=\/wp\/v2\/product\/491\/revisions\/2278"}],"wp:featuredmedia":[{"embeddable":true,"href":"https:\/\/www.dulcementerd.com\/index.php?rest_route=\/wp\/v2\/media\/495"}],"wp:attachment":[{"href":"https:\/\/www.dulcementerd.com\/index.php?rest_route=%2Fwp%2Fv2%2Fmedia&parent=491"}],"wp:term":[{"taxonomy":"product_cat","embeddable":true,"href":"https:\/\/www.dulcementerd.com\/index.php?rest_route=%2Fwp%2Fv2%2Fproduct_cat&post=491"},{"taxonomy":"product_tag","embeddable":true,"href":"https:\/\/www.dulcementerd.com\/index.php?rest_route=%2Fwp%2Fv2%2Fproduct_tag&post=491"}],"curies":[{"name":"wp","href":"https:\/\/api.w.org\/{rel}","templated":true}]}}